{"id":396,"date":"2021-05-01T14:33:50","date_gmt":"2021-05-01T12:33:50","guid":{"rendered":"https:\/\/onelink-dev.econocom.com\/belux\/?page_id=396"},"modified":"2022-03-31T11:20:50","modified_gmt":"2022-03-31T09:20:50","slug":"mon-salaire-et-mes-avantages","status":"publish","type":"page","link":"https:\/\/onelink-dev.econocom.com\/belux\/mon-espace-rh\/mon-salaire-et-mes-avantages\/","title":{"rendered":"Mon salaire et mes avantages"},"content":{"rendered":"<div class=\"pdfprnt-buttons pdfprnt-buttons-page pdfprnt-top-right\"><a href=\"https:\/\/onelink-dev.econocom.com\/belux\/wp-json\/wp\/v2\/pages\/396?print=pdf\" class=\"pdfprnt-button pdfprnt-button-pdf\" target=\"_blank\"><img decoding=\"async\" src=\"https:\/\/onelink-dev.econocom.com\/belux\/wp-content\/plugins\/pdf-print\/images\/pdf.png\" alt=\"image_pdf\" title=\"View PDF\" \/><\/a><a href=\"https:\/\/onelink-dev.econocom.com\/belux\/wp-json\/wp\/v2\/pages\/396?print=print\" class=\"pdfprnt-button pdfprnt-button-print\" target=\"_blank\"><img decoding=\"async\" src=\"https:\/\/onelink-dev.econocom.com\/belux\/wp-content\/plugins\/pdf-print\/images\/print.png\" alt=\"image_print\" title=\"Print Content\" \/><\/a><\/div>\t\t<div data-elementor-type=\"wp-page\" data-elementor-id=\"396\" class=\"elementor elementor-396\">\n\t\t\t\t\t\t<section class=\"elementor-section elementor-top-section elementor-element elementor-element-fb3b48b elementor-section-boxed elementor-section-height-default elementor-section-height-default\" data-id=\"fb3b48b\" data-element_type=\"section\">\n\t\t\t\t\t\t<div class=\"elementor-container elementor-column-gap-no\">\n\t\t\t\t\t<div class=\"elementor-column elementor-col-100 elementor-top-column elementor-element elementor-element-1446a8c\" data-id=\"1446a8c\" data-element_type=\"column\">\n\t\t\t<div class=\"elementor-widget-wrap elementor-element-populated\">\n\t\t\t\t\t\t<div class=\"elementor-element elementor-element-4b8ab74 elementor-nav-menu__align-left elementor-nav-menu--dropdown-none elementor-widget elementor-widget-nav-menu\" data-id=\"4b8ab74\" data-element_type=\"widget\" data-settings=\"{&quot;submenu_icon&quot;:{&quot;value&quot;:&quot;&lt;i class=\\&quot;\\&quot;&gt;&lt;\\\/i&gt;&quot;,&quot;library&quot;:&quot;&quot;},&quot;layout&quot;:&quot;horizontal&quot;}\" data-widget_type=\"nav-menu.default\">\n\t\t\t\t<div class=\"elementor-widget-container\">\n\t\t\t\t\t\t\t\t<nav migration_allowed=\"1\" migrated=\"0\" role=\"navigation\" class=\"elementor-nav-menu--main elementor-nav-menu__container elementor-nav-menu--layout-horizontal e--pointer-none\">\n\t\t\t\t<ul id=\"menu-1-4b8ab74\" class=\"elementor-nav-menu\"><li class=\"menu-item menu-item-type-post_type menu-item-object-page menu-item-415\"><a href=\"https:\/\/onelink-dev.econocom.com\/belux\/mon-espace-rh\/ma-carriere\/\" class=\"elementor-item\">Ma carri\u00e8re<\/a><\/li>\n<li class=\"menu-item menu-item-type-post_type menu-item-object-page menu-item-414\"><a href=\"https:\/\/onelink-dev.econocom.com\/belux\/mon-espace-rh\/mon-salaire-et-mes-avantages\/\" class=\"elementor-item\">Mon salaire et mes avantages<\/a><\/li>\n<li class=\"menu-item menu-item-type-post_type menu-item-object-page menu-item-413\"><a href=\"https:\/\/onelink-dev.econocom.com\/belux\/mon-espace-rh\/mon-bien-etre\/\" class=\"elementor-item\">Mon bien-\u00eatre<\/a><\/li>\n<li class=\"menu-item menu-item-type-post_type menu-item-object-page menu-item-412\"><a href=\"https:\/\/onelink-dev.econocom.com\/belux\/mon-espace-rh\/recrutement\/\" class=\"elementor-item\">Recrutement<\/a><\/li>\n<li class=\"menu-item menu-item-type-post_type menu-item-object-page menu-item-411\"><a href=\"https:\/\/onelink-dev.econocom.com\/belux\/mon-espace-rh\/ma-librairie-rh\/\" class=\"elementor-item\">Ma Librairie RH<\/a><\/li>\n<li class=\"menu-item menu-item-type-post_type menu-item-object-page menu-item-410\"><a href=\"https:\/\/onelink-dev.econocom.com\/belux\/mon-espace-rh\/relations-sociales\/\" class=\"elementor-item\">Relations sociales<\/a><\/li>\n<\/ul>\t\t\t<\/nav>\n\t\t\t\t\t<div class=\"elementor-menu-toggle\" role=\"button\" tabindex=\"0\" aria-label=\"Permuter le menu\" aria-expanded=\"false\">\n\t\t\t<i aria-hidden=\"true\" role=\"presentation\" class=\"elementor-menu-toggle__icon--open eicon-menu-bar\"><\/i><i aria-hidden=\"true\" role=\"presentation\" class=\"elementor-menu-toggle__icon--close eicon-close\"><\/i>\t\t\t<span class=\"elementor-screen-only\">Menu<\/span>\n\t\t<\/div>\n\t\t\t<nav class=\"elementor-nav-menu--dropdown elementor-nav-menu__container\" role=\"navigation\" aria-hidden=\"true\">\n\t\t\t\t<ul id=\"menu-2-4b8ab74\" class=\"elementor-nav-menu\"><li class=\"menu-item menu-item-type-post_type menu-item-object-page menu-item-415\"><a href=\"https:\/\/onelink-dev.econocom.com\/belux\/mon-espace-rh\/ma-carriere\/\" class=\"elementor-item\" tabindex=\"-1\">Ma carri\u00e8re<\/a><\/li>\n<li class=\"menu-item menu-item-type-post_type menu-item-object-page menu-item-414\"><a href=\"https:\/\/onelink-dev.econocom.com\/belux\/mon-espace-rh\/mon-salaire-et-mes-avantages\/\" class=\"elementor-item\" tabindex=\"-1\">Mon salaire et mes avantages<\/a><\/li>\n<li class=\"menu-item menu-item-type-post_type menu-item-object-page menu-item-413\"><a href=\"https:\/\/onelink-dev.econocom.com\/belux\/mon-espace-rh\/mon-bien-etre\/\" class=\"elementor-item\" tabindex=\"-1\">Mon bien-\u00eatre<\/a><\/li>\n<li class=\"menu-item menu-item-type-post_type menu-item-object-page menu-item-412\"><a href=\"https:\/\/onelink-dev.econocom.com\/belux\/mon-espace-rh\/recrutement\/\" class=\"elementor-item\" tabindex=\"-1\">Recrutement<\/a><\/li>\n<li class=\"menu-item menu-item-type-post_type menu-item-object-page menu-item-411\"><a href=\"https:\/\/onelink-dev.econocom.com\/belux\/mon-espace-rh\/ma-librairie-rh\/\" class=\"elementor-item\" tabindex=\"-1\">Ma Librairie RH<\/a><\/li>\n<li class=\"menu-item menu-item-type-post_type menu-item-object-page menu-item-410\"><a href=\"https:\/\/onelink-dev.econocom.com\/belux\/mon-espace-rh\/relations-sociales\/\" class=\"elementor-item\" tabindex=\"-1\">Relations sociales<\/a><\/li>\n<\/ul>\t\t\t<\/nav>\n\t\t\t\t\t\t<\/div>\n\t\t\t\t<\/div>\n\t\t\t\t\t<\/div>\n\t\t<\/div>\n\t\t\t\t\t<\/div>\n\t\t<\/section>\n\t\t\t\t<section class=\"elementor-section elementor-top-section elementor-element elementor-element-ac7ab80 elementor-section-height-min-height elementor-section-boxed elementor-section-height-default elementor-section-items-middle\" data-id=\"ac7ab80\" data-element_type=\"section\" data-settings=\"{&quot;background_background&quot;:&quot;classic&quot;}\">\n\t\t\t\t\t\t<div class=\"elementor-container elementor-column-gap-default\">\n\t\t\t\t\t<div class=\"elementor-column elementor-col-100 elementor-top-column elementor-element elementor-element-caebbd0\" data-id=\"caebbd0\" data-element_type=\"column\">\n\t\t\t<div class=\"elementor-widget-wrap elementor-element-populated\">\n\t\t\t\t\t\t<div class=\"elementor-element elementor-element-4131a64 elementor-widget elementor-widget-heading\" data-id=\"4131a64\" data-element_type=\"widget\" data-widget_type=\"heading.default\">\n\t\t\t\t<div class=\"elementor-widget-container\">\n\t\t\t\t\t<h2 class=\"elementor-heading-title elementor-size-default\">Mon salaire et avantages \u00e0 la loupe<\/h2>\t\t\t\t<\/div>\n\t\t\t\t<\/div>\n\t\t\t\t\t<\/div>\n\t\t<\/div>\n\t\t\t\t\t<\/div>\n\t\t<\/section>\n\t\t\t\t<section class=\"elementor-section elementor-top-section elementor-element elementor-element-e18ef55 elementor-section-stretched elementor-section-boxed elementor-section-height-default elementor-section-height-default\" data-id=\"e18ef55\" data-element_type=\"section\" data-settings=\"{&quot;stretch_section&quot;:&quot;section-stretched&quot;}\">\n\t\t\t\t\t\t<div class=\"elementor-container elementor-column-gap-default\">\n\t\t\t\t\t<div class=\"elementor-column elementor-col-100 elementor-top-column elementor-element elementor-element-600413e\" data-id=\"600413e\" data-element_type=\"column\">\n\t\t\t<div class=\"elementor-widget-wrap elementor-element-populated\">\n\t\t\t\t\t\t<div class=\"elementor-element elementor-element-dcb116b elementor-skin-carousel elementor-arrows-yes elementor-pagination-type-bullets elementor-pagination-position-outside elementor-widget elementor-widget-media-carousel\" data-id=\"dcb116b\" data-element_type=\"widget\" data-settings=\"{&quot;skin&quot;:&quot;carousel&quot;,&quot;effect&quot;:&quot;slide&quot;,&quot;show_arrows&quot;:&quot;yes&quot;,&quot;pagination&quot;:&quot;bullets&quot;,&quot;speed&quot;:500,&quot;autoplay&quot;:&quot;yes&quot;,&quot;autoplay_speed&quot;:5000,&quot;loop&quot;:&quot;yes&quot;,&quot;pause_on_hover&quot;:&quot;yes&quot;,&quot;pause_on_interaction&quot;:&quot;yes&quot;,&quot;space_between&quot;:{&quot;unit&quot;:&quot;px&quot;,&quot;size&quot;:10,&quot;sizes&quot;:[]},&quot;space_between_tablet&quot;:{&quot;unit&quot;:&quot;px&quot;,&quot;size&quot;:10,&quot;sizes&quot;:[]},&quot;space_between_mobile&quot;:{&quot;unit&quot;:&quot;px&quot;,&quot;size&quot;:10,&quot;sizes&quot;:[]}}\" data-widget_type=\"media-carousel.default\">\n\t\t\t\t<div class=\"elementor-widget-container\">\n\t\t\t\t\t\t\t<div class=\"elementor-swiper\">\n\t\t\t<div class=\"elementor-main-swiper swiper-container\">\n\t\t\t\t<div class=\"swiper-wrapper\">\n\t\t\t\t\t\t\t\t\t\t\t<div class=\"swiper-slide\">\n\t\t\t\t\t\t\t<a href=\"https:\/\/econocom.sharepoint.com\/:f:\/r\/sites\/HRshareportal\/Onelink%20FR\/2.%20Mon%20salaire%20et%20mes%20avantages\/Salaire%20fix%20+%20variable?csf=1&#038;web=1&#038;e=qhGIRW\" target=\"_blank\">\t\t<div class=\"elementor-carousel-image\" style=\"background-image: url(https:\/\/onelink-dev.econocom.com\/belux\/wp-content\/uploads\/sites\/6\/2021\/05\/259_OneLink_Web-SOUS-TITRES_1600x900_f_Salaire.jpg)\">\n\n\t\t\t\n\t\t\t\t\t<\/div>\n\t\t<\/a>\t\t\t\t\t\t<\/div>\n\t\t\t\t\t\t\t\t\t\t\t<div class=\"swiper-slide\">\n\t\t\t\t\t\t\t<a href=\"https:\/\/econocom.sharepoint.com\/:f:\/r\/sites\/HRshareportal\/Onelink%20FR\/2.%20Mon%20salaire%20et%20mes%20avantages\/Avantages%20extral%C3%A9gaux?csf=1&#038;web=1&#038;e=2A3tcg\" target=\"_blank\">\t\t<div class=\"elementor-carousel-image\" style=\"background-image: url(https:\/\/onelink-dev.econocom.com\/belux\/wp-content\/uploads\/sites\/6\/2021\/05\/259_OneLink_Web-SOUS-TITRES_1600x900_f_Avantages.jpg)\">\n\n\t\t\t\n\t\t\t\t\t<\/div>\n\t\t<\/a>\t\t\t\t\t\t<\/div>\n\t\t\t\t\t\t\t\t\t\t\t<div class=\"swiper-slide\">\n\t\t\t\t\t\t\t<a href=\"https:\/\/econocom.sharepoint.com\/:f:\/r\/sites\/HRshareportal\/Onelink%20FR\/2.%20Mon%20salaire%20et%20mes%20avantages\/Ma%20mobilit%C3%A9?csf=1&#038;web=1&#038;e=7aaL4M\" target=\"_blank\">\t\t<div class=\"elementor-carousel-image\" style=\"background-image: url(https:\/\/onelink-dev.econocom.com\/belux\/wp-content\/uploads\/sites\/6\/2021\/05\/259_OneLink_Web-SOUS-TITRES_1600x900_f_Mobilite.jpg)\">\n\n\t\t\t\n\t\t\t\t\t<\/div>\n\t\t<\/a>\t\t\t\t\t\t<\/div>\n\t\t\t\t\t\t\t\t\t\t\t<div class=\"swiper-slide\">\n\t\t\t\t\t\t\t<a href=\"https:\/\/econocom.sharepoint.com\/:f:\/r\/sites\/HRshareportal\/Onelink%20FR\/2.%20Mon%20salaire%20et%20mes%20avantages\/Ma%20fiche%20de%20paie?csf=1&#038;web=1&#038;e=M4a06E\" target=\"_blank\">\t\t<div class=\"elementor-carousel-image\" style=\"background-image: url(https:\/\/onelink-dev.econocom.com\/belux\/wp-content\/uploads\/sites\/6\/2021\/05\/259_OneLink_Web-SOUS-TITRES_1600x900_f_Paie.jpg)\">\n\n\t\t\t\n\t\t\t\t\t<\/div>\n\t\t<\/a>\t\t\t\t\t\t<\/div>\n\t\t\t\t\t\t\t\t\t\t\t<div class=\"swiper-slide\">\n\t\t\t\t\t\t\t<a href=\"https:\/\/econocom.sharepoint.com\/sites\/HRshareportal\/Onelink%20FR\/Forms\/AllItems.aspx?id=%2Fsites%2FHRshareportal%2FOnelink%20FR%2F2%2E%20Mon%20salaire%20et%20mes%20avantages%2FT%C3%A9l%C3%A9travail&#038;viewid=6ace41b0%2D9f83%2D4d57%2Da290%2D2802438f9fa5\">\t\t<div class=\"elementor-carousel-image\" style=\"background-image: url(https:\/\/onelink-dev.econocom.com\/belux\/wp-content\/uploads\/sites\/6\/2022\/03\/Teletravail.jpg)\">\n\n\t\t\t\n\t\t\t\t\t<\/div>\n\t\t<\/a>\t\t\t\t\t\t<\/div>\n\t\t\t\t\t\t\t\t\t<\/div>\n\t\t\t\t\t\t\t\t\t\t\t\t\t\t\t<div class=\"swiper-pagination\"><\/div>\n\t\t\t\t\t\t\t\t\t\t\t\t\t\t\t\t<div class=\"elementor-swiper-button elementor-swiper-button-prev\">\n\t\t\t\t\t\t\t<i aria-hidden=\"true\" class=\"eicon-chevron-left\"><\/i>\t\t\t\t\t\t\t<span class=\"elementor-screen-only\">Pr\u00e9c\u00e9dent<\/span>\n\t\t\t\t\t\t<\/div>\n\t\t\t\t\t\t<div class=\"elementor-swiper-button elementor-swiper-button-next\">\n\t\t\t\t\t\t\t<i aria-hidden=\"true\" class=\"eicon-chevron-right\"><\/i>\t\t\t\t\t\t\t<span class=\"elementor-screen-only\">Suivant<\/span>\n\t\t\t\t\t\t<\/div>\n\t\t\t\t\t\t\t\t\t\t\t\t<\/div>\n\t\t<\/div>\n\t\t\t\t\t\t<\/div>\n\t\t\t\t<\/div>\n\t\t\t\t\t<\/div>\n\t\t<\/div>\n\t\t\t\t\t<\/div>\n\t\t<\/section>\n\t\t\t\t<\/div>\n\t\t","protected":false},"excerpt":{"rendered":"<p>Mon salaire et avantages \u00e0 la loupe Pr\u00e9c\u00e9dent Suivant<\/p>\n","protected":false},"author":10,"featured_media":0,"parent":391,"menu_order":0,"comment_status":"closed","ping_status":"closed","template":"","meta":{"_acf_changed":false,"footnotes":""},"class_list":["post-396","page","type-page","status-publish","hentry"],"acf":[],"_links":{"self":[{"href":"https:\/\/onelink-dev.econocom.com\/belux\/wp-json\/wp\/v2\/pages\/396","targetHints":{"allow":["GET"]}}],"collection":[{"href":"https:\/\/onelink-dev.econocom.com\/belux\/wp-json\/wp\/v2\/pages"}],"about":[{"href":"https:\/\/onelink-dev.econocom.com\/belux\/wp-json\/wp\/v2\/types\/page"}],"author":[{"embeddable":true,"href":"https:\/\/onelink-dev.econocom.com\/belux\/wp-json\/wp\/v2\/users\/10"}],"replies":[{"embeddable":true,"href":"https:\/\/onelink-dev.econocom.com\/belux\/wp-json\/wp\/v2\/comments?post=396"}],"version-history":[{"count":13,"href":"https:\/\/onelink-dev.econocom.com\/belux\/wp-json\/wp\/v2\/pages\/396\/revisions"}],"predecessor-version":[{"id":1537,"href":"https:\/\/onelink-dev.econocom.com\/belux\/wp-json\/wp\/v2\/pages\/396\/revisions\/1537"}],"up":[{"embeddable":true,"href":"https:\/\/onelink-dev.econocom.com\/belux\/wp-json\/wp\/v2\/pages\/391"}],"wp:attachment":[{"href":"https:\/\/onelink-dev.econocom.com\/belux\/wp-json\/wp\/v2\/media?parent=396"}],"curies":[{"name":"wp","href":"https:\/\/api.w.org\/{rel}","templated":true}]}}