{"id":55,"date":"2021-04-20T15:33:39","date_gmt":"2021-04-20T13:33:39","guid":{"rendered":"https:\/\/onelink-dev.econocom.com\/belux\/?page_id=55"},"modified":"2022-10-26T15:49:24","modified_gmt":"2022-10-26T13:49:24","slug":"corporate-branding","status":"publish","type":"page","link":"https:\/\/onelink-dev.econocom.com\/belux\/communications\/corporate-branding\/","title":{"rendered":"Corporate branding"},"content":{"rendered":"<div class=\"pdfprnt-buttons pdfprnt-buttons-post pdfprnt-top-right\"><a href=\"https:\/\/onelink-dev.econocom.com\/belux\/wp-json\/wp\/v2\/pages\/55?print=pdf\" class=\"pdfprnt-button pdfprnt-button-pdf\" target=\"_blank\"><img decoding=\"async\" src=\"https:\/\/onelink-dev.econocom.com\/belux\/wp-content\/plugins\/pdf-print\/images\/pdf.png\" alt=\"image_pdf\" title=\"View PDF\" \/><\/a><a href=\"https:\/\/onelink-dev.econocom.com\/belux\/wp-json\/wp\/v2\/pages\/55?print=print\" class=\"pdfprnt-button pdfprnt-button-print\" target=\"_blank\"><img decoding=\"async\" src=\"https:\/\/onelink-dev.econocom.com\/belux\/wp-content\/plugins\/pdf-print\/images\/print.png\" alt=\"image_print\" title=\"Print Content\" \/><\/a><\/div>\t\t<div data-elementor-type=\"wp-page\" data-elementor-id=\"55\" class=\"elementor elementor-55\">\n\t\t\t\t\t\t<section class=\"elementor-section elementor-top-section elementor-element elementor-element-549646e elementor-section-boxed elementor-section-height-default elementor-section-height-default\" data-id=\"549646e\" data-element_type=\"section\">\n\t\t\t\t\t\t<div class=\"elementor-container elementor-column-gap-no\">\n\t\t\t\t\t<div class=\"elementor-column elementor-col-100 elementor-top-column elementor-element elementor-element-00b58c4\" data-id=\"00b58c4\" data-element_type=\"column\">\n\t\t\t<div class=\"elementor-widget-wrap elementor-element-populated\">\n\t\t\t\t\t\t<div class=\"elementor-element elementor-element-4e747a3 elementor-nav-menu__align-left elementor-nav-menu--dropdown-none elementor-widget elementor-widget-nav-menu\" data-id=\"4e747a3\" data-element_type=\"widget\" data-settings=\"{&quot;submenu_icon&quot;:{&quot;value&quot;:&quot;&lt;i class=\\&quot;\\&quot;&gt;&lt;\\\/i&gt;&quot;,&quot;library&quot;:&quot;&quot;},&quot;layout&quot;:&quot;horizontal&quot;}\" data-widget_type=\"nav-menu.default\">\n\t\t\t\t<div class=\"elementor-widget-container\">\n\t\t\t\t\t\t\t\t<nav migration_allowed=\"1\" migrated=\"0\" role=\"navigation\" class=\"elementor-nav-menu--main elementor-nav-menu__container elementor-nav-menu--layout-horizontal e--pointer-none\">\n\t\t\t\t<ul id=\"menu-1-4e747a3\" class=\"elementor-nav-menu\"><li class=\"menu-item menu-item-type-post_type menu-item-object-page menu-item-101\"><a href=\"https:\/\/onelink-dev.econocom.com\/belux\/communications\/corporate-branding\/\" class=\"elementor-item\">Corporate branding<\/a><\/li>\n<li class=\"menu-item menu-item-type-post_type menu-item-object-page menu-item-100\"><a href=\"https:\/\/onelink-dev.econocom.com\/belux\/communications\/marque-employeur\/\" class=\"elementor-item\">Marque Employeur<\/a><\/li>\n<li class=\"menu-item menu-item-type-post_type menu-item-object-page menu-item-99\"><a href=\"https:\/\/onelink-dev.econocom.com\/belux\/communications\/rse\/\" class=\"elementor-item\">RSE<\/a><\/li>\n<\/ul>\t\t\t<\/nav>\n\t\t\t\t\t<div class=\"elementor-menu-toggle\" role=\"button\" tabindex=\"0\" aria-label=\"Permuter le menu\" aria-expanded=\"false\">\n\t\t\t<i aria-hidden=\"true\" role=\"presentation\" class=\"elementor-menu-toggle__icon--open eicon-menu-bar\"><\/i><i aria-hidden=\"true\" role=\"presentation\" class=\"elementor-menu-toggle__icon--close eicon-close\"><\/i>\t\t\t<span class=\"elementor-screen-only\">Menu<\/span>\n\t\t<\/div>\n\t\t\t<nav class=\"elementor-nav-menu--dropdown elementor-nav-menu__container\" role=\"navigation\" aria-hidden=\"true\">\n\t\t\t\t<ul id=\"menu-2-4e747a3\" class=\"elementor-nav-menu\"><li class=\"menu-item menu-item-type-post_type menu-item-object-page menu-item-101\"><a href=\"https:\/\/onelink-dev.econocom.com\/belux\/communications\/corporate-branding\/\" class=\"elementor-item\" tabindex=\"-1\">Corporate branding<\/a><\/li>\n<li class=\"menu-item menu-item-type-post_type menu-item-object-page menu-item-100\"><a href=\"https:\/\/onelink-dev.econocom.com\/belux\/communications\/marque-employeur\/\" class=\"elementor-item\" tabindex=\"-1\">Marque Employeur<\/a><\/li>\n<li class=\"menu-item menu-item-type-post_type menu-item-object-page menu-item-99\"><a href=\"https:\/\/onelink-dev.econocom.com\/belux\/communications\/rse\/\" class=\"elementor-item\" tabindex=\"-1\">RSE<\/a><\/li>\n<\/ul>\t\t\t<\/nav>\n\t\t\t\t\t\t<\/div>\n\t\t\t\t<\/div>\n\t\t\t\t\t<\/div>\n\t\t<\/div>\n\t\t\t\t\t<\/div>\n\t\t<\/section>\n\t\t\t\t<section class=\"elementor-section elementor-top-section elementor-element elementor-element-d1a713f elementor-section-height-min-height elementor-section-boxed elementor-section-height-default elementor-section-items-middle\" data-id=\"d1a713f\" data-element_type=\"section\" data-settings=\"{&quot;background_background&quot;:&quot;classic&quot;}\">\n\t\t\t\t\t\t<div class=\"elementor-container elementor-column-gap-default\">\n\t\t\t\t\t<div class=\"elementor-column elementor-col-100 elementor-top-column elementor-element elementor-element-af3ad43\" data-id=\"af3ad43\" data-element_type=\"column\">\n\t\t\t<div class=\"elementor-widget-wrap elementor-element-populated\">\n\t\t\t\t\t\t\t<\/div>\n\t\t<\/div>\n\t\t\t\t\t<\/div>\n\t\t<\/section>\n\t\t\t\t<section class=\"elementor-section elementor-top-section elementor-element elementor-element-b5e8cd7 elementor-section-boxed elementor-section-height-default elementor-section-height-default\" data-id=\"b5e8cd7\" data-element_type=\"section\">\n\t\t\t\t\t\t<div class=\"elementor-container elementor-column-gap-default\">\n\t\t\t\t\t<div class=\"elementor-column elementor-col-100 elementor-top-column elementor-element elementor-element-f61a318\" data-id=\"f61a318\" data-element_type=\"column\">\n\t\t\t<div class=\"elementor-widget-wrap elementor-element-populated\">\n\t\t\t\t\t\t<div class=\"elementor-element elementor-element-12f6d0a elementor-widget elementor-widget-spacer\" data-id=\"12f6d0a\" data-element_type=\"widget\" data-widget_type=\"spacer.default\">\n\t\t\t\t<div class=\"elementor-widget-container\">\n\t\t\t\t\t\t\t<div class=\"elementor-spacer\">\n\t\t\t<div class=\"elementor-spacer-inner\"><\/div>\n\t\t<\/div>\n\t\t\t\t\t\t<\/div>\n\t\t\t\t<\/div>\n\t\t\t\t\t<\/div>\n\t\t<\/div>\n\t\t\t\t\t<\/div>\n\t\t<\/section>\n\t\t\t\t<section class=\"elementor-section elementor-top-section elementor-element elementor-element-dd36a82 elementor-section-boxed elementor-section-height-default elementor-section-height-default\" data-id=\"dd36a82\" data-element_type=\"section\">\n\t\t\t\t\t\t<div class=\"elementor-container elementor-column-gap-default\">\n\t\t\t\t\t<div class=\"elementor-column elementor-col-66 elementor-top-column elementor-element elementor-element-16ed6a2\" data-id=\"16ed6a2\" data-element_type=\"column\">\n\t\t\t<div class=\"elementor-widget-wrap elementor-element-populated\">\n\t\t\t\t\t\t<div class=\"elementor-element elementor-element-27fd6fd elementor-widget elementor-widget-elementskit-blog-posts\" data-id=\"27fd6fd\" data-element_type=\"widget\" data-widget_type=\"elementskit-blog-posts.default\">\n\t\t\t\t<div class=\"elementor-widget-container\">\n\t\t\t\t\t<div class=\"ekit-wid-con\" >        <div id=\"post-items--27fd6fd\" class=\"row post-items\">\n                    <div class=\"col-md-12\">\n\n                                    <div class=\"elementskit-blog-block-post\">\n                        <div class=\"row no-gutters\">\n                                                            <div class=\"col-md-6 order-1\">\n                                    <a href=\"https:\/\/onelink-dev.econocom.com\/belux\/2022\/02\/25\/campagne-belfius-notre-love-pour-les-entrepreneurs-est-grand\/\" class=\"elementskit-entry-thumb\">\n                                        <img decoding=\"async\" src=\"https:\/\/onelink-dev.econocom.com\/belux\/wp-content\/uploads\/sites\/6\/2022\/02\/AFFICHAGE-1-1024x768.jpg\" alt=\"Campagne Belfius &#8211; Notre Love pour les entrepreneurs est grand.\">\n                                    <\/a><!-- .elementskit-entry-thumb END -->\n                                <\/div>\n                            \n                            <div class=\"col-md-6 order-2\">\n                                <div class=\"elementskit-post-body \">\n                                    <div class=\"elementskit-entry-header\">\n                                        \n                                            \n                                                                                            \t\t\t\t<h2 class=\"entry-title\">\n\t\t\t\t\t<a href=\"https:\/\/onelink-dev.econocom.com\/belux\/2022\/02\/25\/campagne-belfius-notre-love-pour-les-entrepreneurs-est-grand\/\">\n\t\t\t\t\t\tCampagne Belfius &#8211; Notre Love pour les entrepreneurs est grand.\t\t\t\t\t<\/a>\n\t\t\t\t<\/h2>\n\t\t\t                                            \n                                                                                <\/div><!-- .elementskit-entry-header END -->\n\n                                                                            <div class=\"elementskit-post-footer\">\n                                                                                            <p>Chantal De Vrieze, Managing Director Econocom Benelux, participe \u00e0 la\u2026<\/p>\n                                                                                                                                        \t\t\t\t\t\t\t\t\t\t\t<div class=\"post-meta-list\">\n\t\t\t\t\t\t\t\t\t\t\t\t\t\t\t\t\t\t\t\t\t\t\t\t\t\t\t\t\t\t\t\t<span class=\"meta-date\">\n\t\t\t\t\t\t\t\t\t\t\t\t\t\t\t\t\t\t\t\t<span class=\"meta-date-text\">\n\t\t\t\t\t\t\t\t\t\t\t25 f\u00e9vrier 2022\t\t\t\t\t\t\t\t\t\t<\/span>\n\t\t\t\t\t\t\t\t\t<\/span>\n\t\t\t\t\t\t\t\t\t\t\t\t\t\t\t\t\t\t\t\t\t\t\t\t\t\t\t\t\t\t\t\t\t\t\t\t\t\t\t\t\t\t\t\t\t\t\t\t\t\t\t\t\t\t\t\t\t\t\t\t\t\t\t\t<span class=\"post-cat\">\n\t\t\t\t\t\t\t\t\t\t\t\t\t\t\t\t\t\t\t\t<a href=\"https:\/\/onelink-dev.econocom.com\/belux\/category\/belux\/\" rel=\"category tag\"># BELUX<\/a> | <a href=\"https:\/\/onelink-dev.econocom.com\/belux\/category\/communications\/\" rel=\"category tag\"># Communications<\/a> | <a href=\"https:\/\/onelink-dev.econocom.com\/belux\/category\/communications\/corporate-branding\/\" rel=\"category tag\"># Corporate branding<\/a> | <a href=\"https:\/\/onelink-dev.econocom.com\/belux\/category\/communications\/marque-employeur\/\" rel=\"category tag\"># Marque Employeur<\/a>\t\t\t\t\t\t\t\t\t<\/span>\n\t\t\t\t\t\t\t\t\t\t\t\t\t\t\t\t\t\t\t\t\t\t\t\t\t\t\t\t\t\t\t\t\t\t\t\t\t\t\t\t\t\t\t\t\t\t\t\t\t\t\t\t\t\t\t\t\t\t\t\t\t\t\t\t<span class=\"post-comment\">\n\t\t\t\t\t\t\t\t\t\t<i aria-hidden=\"true\" class=\"far fa-comment-alt\"><\/i>\t\t\t\t\t\t\t\t\t\t<a href=\"https:\/\/onelink-dev.econocom.com\/belux\/2022\/02\/25\/campagne-belfius-notre-love-pour-les-entrepreneurs-est-grand\/#respond\">0<\/a>\n\t\t\t\t\t\t\t\t\t<\/span>\n\t\t\t\t\t\t\t\t\t\t\t\t\t\t\t                           \t\t\t\t\t\t\t\t\t\t\t<span class=\"post-like\"> \n\t\t\t\t\t\t\t<img decoding=\"async\" src=\"\/wp-content\/uploads\/2020\/06\/fill-1@3x-4.png\" style=\"width:15px;height:14px;\">\n\t\t\t\t\t\t\t0\t\t\t\t\t\t<\/div>\n\t\t\t\t\t                                                                                    <\/div><!-- .elementskit-post-footer END -->\n                                                                    <\/div><!-- .elementskit-post-body END -->\n                            <\/div>\n                        <\/div>\n                    <\/div><!-- .elementskit-blog-block-post .radius .gradient-bg END -->\n                \n            <\/div>\n                    <div class=\"col-md-12\">\n\n                                    <div class=\"elementskit-blog-block-post\">\n                        <div class=\"row no-gutters\">\n                                                            <div class=\"col-md-6 order-1\">\n                                    <a href=\"https:\/\/onelink-dev.econocom.com\/belux\/2021\/11\/30\/notre-nouveau-site-web-est-en-ligne\/\" class=\"elementskit-entry-thumb\">\n                                        <img decoding=\"async\" src=\"https:\/\/onelink-dev.econocom.com\/belux\/wp-content\/uploads\/sites\/6\/2021\/11\/313_Newsite_1200x627_f-1024x535.jpg\" alt=\"Notre nouveau site web est en ligne !\">\n                                    <\/a><!-- .elementskit-entry-thumb END -->\n                                <\/div>\n                            \n                            <div class=\"col-md-6 order-2\">\n                                <div class=\"elementskit-post-body \">\n                                    <div class=\"elementskit-entry-header\">\n                                        \n                                            \n                                                                                            \t\t\t\t<h2 class=\"entry-title\">\n\t\t\t\t\t<a href=\"https:\/\/onelink-dev.econocom.com\/belux\/2021\/11\/30\/notre-nouveau-site-web-est-en-ligne\/\">\n\t\t\t\t\t\tNotre nouveau site web est en ligne !\t\t\t\t\t<\/a>\n\t\t\t\t<\/h2>\n\t\t\t                                            \n                                                                                <\/div><!-- .elementskit-entry-header END -->\n\n                                                                            <div class=\"elementskit-post-footer\">\n                                                                                            <p>V\u00e9ritable vitrine d\u2019Econocom, il doit pouvoir fournir facilement et rapidement\u2026<\/p>\n                                                                                                                                        \t\t\t\t\t\t\t\t\t\t\t<div class=\"post-meta-list\">\n\t\t\t\t\t\t\t\t\t\t\t\t\t\t\t\t\t\t\t\t\t\t\t\t\t\t\t\t\t\t\t\t<span class=\"meta-date\">\n\t\t\t\t\t\t\t\t\t\t\t\t\t\t\t\t\t\t\t\t<span class=\"meta-date-text\">\n\t\t\t\t\t\t\t\t\t\t\t30 novembre 2021\t\t\t\t\t\t\t\t\t\t<\/span>\n\t\t\t\t\t\t\t\t\t<\/span>\n\t\t\t\t\t\t\t\t\t\t\t\t\t\t\t\t\t\t\t\t\t\t\t\t\t\t\t\t\t\t\t\t\t\t\t\t\t\t\t\t\t\t\t\t\t\t\t\t\t\t\t\t\t\t\t\t\t\t\t\t\t\t\t\t<span class=\"post-cat\">\n\t\t\t\t\t\t\t\t\t\t\t\t\t\t\t\t\t\t\t\t<a href=\"https:\/\/onelink-dev.econocom.com\/belux\/category\/belux\/\" rel=\"category tag\"># BELUX<\/a> | <a href=\"https:\/\/onelink-dev.econocom.com\/belux\/category\/communications\/\" rel=\"category tag\"># Communications<\/a> | <a href=\"https:\/\/onelink-dev.econocom.com\/belux\/category\/communications\/corporate-branding\/\" rel=\"category tag\"># Corporate branding<\/a> | <a href=\"https:\/\/onelink-dev.econocom.com\/belux\/category\/communications\/marque-employeur\/\" rel=\"category tag\"># Marque Employeur<\/a> | <a href=\"https:\/\/onelink-dev.econocom.com\/belux\/category\/communications\/rse\/\" rel=\"category tag\"># RSE<\/a>\t\t\t\t\t\t\t\t\t<\/span>\n\t\t\t\t\t\t\t\t\t\t\t\t\t\t\t\t\t\t\t\t\t\t\t\t\t\t\t\t\t\t\t\t\t\t\t\t\t\t\t\t\t\t\t\t\t\t\t\t\t\t\t\t\t\t\t\t\t\t\t\t\t\t\t\t<span class=\"post-comment\">\n\t\t\t\t\t\t\t\t\t\t<i aria-hidden=\"true\" class=\"far fa-comment-alt\"><\/i>\t\t\t\t\t\t\t\t\t\t<a href=\"https:\/\/onelink-dev.econocom.com\/belux\/2021\/11\/30\/notre-nouveau-site-web-est-en-ligne\/#comments\">1<\/a>\n\t\t\t\t\t\t\t\t\t<\/span>\n\t\t\t\t\t\t\t\t\t\t\t\t\t\t\t                           \t\t\t\t\t\t\t\t\t\t\t<span class=\"post-like\"> \n\t\t\t\t\t\t\t<img decoding=\"async\" src=\"\/wp-content\/uploads\/2020\/06\/fill-1@3x-4.png\" style=\"width:15px;height:14px;\">\n\t\t\t\t\t\t\t2\t\t\t\t\t\t<\/div>\n\t\t\t\t\t                                                                                    <\/div><!-- .elementskit-post-footer END -->\n                                                                    <\/div><!-- .elementskit-post-body END -->\n                            <\/div>\n                        <\/div>\n                    <\/div><!-- .elementskit-blog-block-post .radius .gradient-bg END -->\n                \n            <\/div>\n                    <div class=\"col-md-12\">\n\n                                    <div class=\"elementskit-blog-block-post\">\n                        <div class=\"row no-gutters\">\n                                                            <div class=\"col-md-6 order-1\">\n                                    <a href=\"https:\/\/onelink-dev.econocom.com\/belux\/2021\/04\/29\/one-digital-company\/\" class=\"elementskit-entry-thumb\">\n                                        <img decoding=\"async\" src=\"https:\/\/onelink-dev.econocom.com\/belux\/wp-content\/uploads\/sites\/6\/2021\/04\/ODC_BACKGROUND_2_ENG-1024x576-1.png\" alt=\"One Digital Company\">\n                                    <\/a><!-- .elementskit-entry-thumb END -->\n                                <\/div>\n                            \n                            <div class=\"col-md-6 order-2\">\n                                <div class=\"elementskit-post-body \">\n                                    <div class=\"elementskit-entry-header\">\n                                        \n                                            \n                                                                                            \t\t\t\t<h2 class=\"entry-title\">\n\t\t\t\t\t<a href=\"https:\/\/onelink-dev.econocom.com\/belux\/2021\/04\/29\/one-digital-company\/\">\n\t\t\t\t\t\tOne Digital Company\t\t\t\t\t<\/a>\n\t\t\t\t<\/h2>\n\t\t\t                                            \n                                                                                <\/div><!-- .elementskit-entry-header END -->\n\n                                                                            <div class=\"elementskit-post-footer\">\n                                                                                            <p>Premi\u00e8re Entreprise G\u00e9n\u00e9rale du Digital en Europe (EGD) Le groupe\u2026<\/p>\n                                                                                                                                        \t\t\t\t\t\t\t\t\t\t\t<div class=\"post-meta-list\">\n\t\t\t\t\t\t\t\t\t\t\t\t\t\t\t\t\t\t\t\t\t\t\t\t\t\t\t\t\t\t\t\t<span class=\"meta-date\">\n\t\t\t\t\t\t\t\t\t\t\t\t\t\t\t\t\t\t\t\t<span class=\"meta-date-text\">\n\t\t\t\t\t\t\t\t\t\t\t29 avril 2021\t\t\t\t\t\t\t\t\t\t<\/span>\n\t\t\t\t\t\t\t\t\t<\/span>\n\t\t\t\t\t\t\t\t\t\t\t\t\t\t\t\t\t\t\t\t\t\t\t\t\t\t\t\t\t\t\t\t\t\t\t\t\t\t\t\t\t\t\t\t\t\t\t\t\t\t\t\t\t\t\t\t\t\t\t\t\t\t\t\t<span class=\"post-cat\">\n\t\t\t\t\t\t\t\t\t\t\t\t\t\t\t\t\t\t\t\t<a href=\"https:\/\/onelink-dev.econocom.com\/belux\/category\/belux\/\" rel=\"category tag\"># BELUX<\/a> | <a href=\"https:\/\/onelink-dev.econocom.com\/belux\/category\/communications\/\" rel=\"category tag\"># Communications<\/a> | <a href=\"https:\/\/onelink-dev.econocom.com\/belux\/category\/communications\/corporate-branding\/\" rel=\"category tag\"># Corporate branding<\/a>\t\t\t\t\t\t\t\t\t<\/span>\n\t\t\t\t\t\t\t\t\t\t\t\t\t\t\t\t\t\t\t\t\t\t\t\t\t\t\t\t\t\t\t\t\t\t\t\t\t\t\t\t\t\t\t\t\t\t\t\t\t\t\t\t\t\t\t\t\t\t\t\t\t\t\t\t<span class=\"post-comment\">\n\t\t\t\t\t\t\t\t\t\t<i aria-hidden=\"true\" class=\"far fa-comment-alt\"><\/i>\t\t\t\t\t\t\t\t\t\t<a href=\"https:\/\/onelink-dev.econocom.com\/belux\/2021\/04\/29\/one-digital-company\/#respond\">0<\/a>\n\t\t\t\t\t\t\t\t\t<\/span>\n\t\t\t\t\t\t\t\t\t\t\t\t\t\t\t                           \t\t\t\t\t\t\t\t\t\t\t<span class=\"post-like\"> \n\t\t\t\t\t\t\t<img decoding=\"async\" src=\"\/wp-content\/uploads\/2020\/06\/fill-1@3x-4.png\" style=\"width:15px;height:14px;\">\n\t\t\t\t\t\t\t0\t\t\t\t\t\t<\/div>\n\t\t\t\t\t                                                                                    <\/div><!-- .elementskit-post-footer END -->\n                                                                    <\/div><!-- .elementskit-post-body END -->\n                            <\/div>\n                        <\/div>\n                    <\/div><!-- .elementskit-blog-block-post .radius .gradient-bg END -->\n                \n            <\/div>\n                <\/div>\n       <\/div>\t\t\t\t<\/div>\n\t\t\t\t<\/div>\n\t\t\t\t<div class=\"elementor-element elementor-element-c01d3fe elementor-align-center elementor-widget elementor-widget-button\" data-id=\"c01d3fe\" data-element_type=\"widget\" data-widget_type=\"button.default\">\n\t\t\t\t<div class=\"elementor-widget-container\">\n\t\t\t\t\t\t\t\t\t<div class=\"elementor-button-wrapper\">\n\t\t\t\t\t<a class=\"elementor-button elementor-button-link elementor-size-sm\" href=\"\/belux\/category\/corporate-branding\/\">\n\t\t\t\t\t\t<span class=\"elementor-button-content-wrapper\">\n\t\t\t\t\t\t\t\t\t<span class=\"elementor-button-text\">voir toutes les actualit\u00e9s<\/span>\n\t\t\t\t\t<\/span>\n\t\t\t\t\t<\/a>\n\t\t\t\t<\/div>\n\t\t\t\t\t\t\t\t<\/div>\n\t\t\t\t<\/div>\n\t\t\t\t\t<\/div>\n\t\t<\/div>\n\t\t\t\t<div class=\"elementor-column elementor-col-33 elementor-top-column elementor-element elementor-element-f922903\" data-id=\"f922903\" data-element_type=\"column\">\n\t\t\t<div class=\"elementor-widget-wrap elementor-element-populated\">\n\t\t\t\t\t\t<section class=\"elementor-section elementor-inner-section elementor-element elementor-element-ee23efa elementor-section-boxed elementor-section-height-default elementor-section-height-default\" data-id=\"ee23efa\" data-element_type=\"section\">\n\t\t\t\t\t\t<div class=\"elementor-container elementor-column-gap-default\">\n\t\t\t\t\t<div class=\"elementor-column elementor-col-100 elementor-inner-column elementor-element elementor-element-63ba2ce\" data-id=\"63ba2ce\" data-element_type=\"column\">\n\t\t\t<div class=\"elementor-widget-wrap\">\n\t\t\t\t\t\t\t<\/div>\n\t\t<\/div>\n\t\t\t\t\t<\/div>\n\t\t<\/section>\n\t\t\t\t<section class=\"elementor-section elementor-inner-section elementor-element elementor-element-301db7f elementor-section-boxed elementor-section-height-default elementor-section-height-default\" data-id=\"301db7f\" data-element_type=\"section\" data-settings=\"{&quot;background_background&quot;:&quot;classic&quot;}\">\n\t\t\t\t\t\t<div class=\"elementor-container elementor-column-gap-default\">\n\t\t\t\t\t<div class=\"elementor-column elementor-col-100 elementor-inner-column elementor-element elementor-element-9037050\" data-id=\"9037050\" data-element_type=\"column\" data-settings=\"{&quot;background_background&quot;:&quot;classic&quot;}\">\n\t\t\t<div class=\"elementor-widget-wrap elementor-element-populated\">\n\t\t\t\t\t\t<div class=\"elementor-element elementor-element-51c87be elementor-widget elementor-widget-heading\" data-id=\"51c87be\" data-element_type=\"widget\" data-widget_type=\"heading.default\">\n\t\t\t\t<div class=\"elementor-widget-container\">\n\t\t\t\t\t<h2 class=\"elementor-heading-title elementor-size-default\">CONTACT<\/h2>\t\t\t\t<\/div>\n\t\t\t\t<\/div>\n\t\t\t\t<div class=\"elementor-element elementor-element-33c5d3e elementor-widget elementor-widget-text-editor\" data-id=\"33c5d3e\" data-element_type=\"widget\" data-widget_type=\"text-editor.default\">\n\t\t\t\t<div class=\"elementor-widget-container\">\n\t\t\t\t\t\t\t\t\t<p style=\"text-align: center;\"><span style=\"font-family: Roboto; font-size: 14px; font-weight: 500; font-stretch: normal; font-style: normal; line-height: 1.36; letter-spacing: normal; color: #ffffff;\"><img decoding=\"async\" class=\"alignnone wp-image-5481 size-full\" style=\"overflow: hidden; -webkit-border-radius: 50px; -moz-border-radius: 50px; border-radius: 50px; width: 60px; height: 80px;\" src=\"\/belgie\/wp-content\/uploads\/sites\/5\/2021\/04\/Hilde-Janssens-iV-6613.jpg\" alt=\"\" width=\"151\" height=\"168\" \/><\/span><\/p><blockquote style=\"text-align: center; line-height: normal;\"><p><span style=\"font-family: Roboto; font-size: 14px; font-weight: 500; font-stretch: normal; font-style: normal; line-height: 1.36; letter-spacing: normal; color: #ffffff;\"><span style=\"font-family: Montserrat; font-size: 12px;\"><span style=\"color: #573eef;\">Hilde Janssens<br \/>Marketing &amp; Communications Director<br \/><\/span><\/span><span style=\"font-family: Roboto; font-size: 14px; font-weight: 500; font-stretch: normal; font-style: normal; line-height: normal; letter-spacing: normal; color: #ffffff;\"><span style=\"font-family: Montserrat; font-size: 12px; line-height: normal;\"><span style=\"color: #573eef;\">Tel: +32 496 593 509<br \/><\/span><\/span><\/span><span style=\"font-family: Roboto; font-size: 14px; font-weight: 500; font-stretch: normal; font-style: normal; letter-spacing: normal; color: #ffffff;\"><span style=\"font-family: Montserrat; font-size: 12px;\"><span style=\"color: #573eef;\"><a href=\"mailto:Hilde.janssens@econocom.com\">Hilde.janssens@econocom.com<\/a><\/span><\/span><\/span><\/span><\/p><\/blockquote>\t\t\t\t\t\t\t\t<\/div>\n\t\t\t\t<\/div>\n\t\t\t\t\t<\/div>\n\t\t<\/div>\n\t\t\t\t\t<\/div>\n\t\t<\/section>\n\t\t\t\t\t<\/div>\n\t\t<\/div>\n\t\t\t\t\t<\/div>\n\t\t<\/section>\n\t\t\t\t<\/div>\n\t\t","protected":false},"excerpt":{"rendered":"<p>Campagne Belfius &#8211; Notre Love pour les entrepreneurs est grand. Chantal De Vrieze, Managing Director Econocom Benelux, participe \u00e0 la\u2026 25 f\u00e9vrier 2022 # BELUX | # Communications | # Corporate branding | # Marque Employeur 0 0 Notre nouveau site web est en ligne ! V\u00e9ritable vitrine d\u2019Econocom, il doit pouvoir fournir facilement et [&hellip;]<\/p>\n","protected":false},"author":10,"featured_media":0,"parent":53,"menu_order":0,"comment_status":"closed","ping_status":"closed","template":"","meta":{"_acf_changed":false,"footnotes":""},"class_list":["post-55","page","type-page","status-publish","hentry"],"acf":[],"_links":{"self":[{"href":"https:\/\/onelink-dev.econocom.com\/belux\/wp-json\/wp\/v2\/pages\/55","targetHints":{"allow":["GET"]}}],"collection":[{"href":"https:\/\/onelink-dev.econocom.com\/belux\/wp-json\/wp\/v2\/pages"}],"about":[{"href":"https:\/\/onelink-dev.econocom.com\/belux\/wp-json\/wp\/v2\/types\/page"}],"author":[{"embeddable":true,"href":"https:\/\/onelink-dev.econocom.com\/belux\/wp-json\/wp\/v2\/users\/10"}],"replies":[{"embeddable":true,"href":"https:\/\/onelink-dev.econocom.com\/belux\/wp-json\/wp\/v2\/comments?post=55"}],"version-history":[{"count":16,"href":"https:\/\/onelink-dev.econocom.com\/belux\/wp-json\/wp\/v2\/pages\/55\/revisions"}],"predecessor-version":[{"id":1838,"href":"https:\/\/onelink-dev.econocom.com\/belux\/wp-json\/wp\/v2\/pages\/55\/revisions\/1838"}],"up":[{"embeddable":true,"href":"https:\/\/onelink-dev.econocom.com\/belux\/wp-json\/wp\/v2\/pages\/53"}],"wp:attachment":[{"href":"https:\/\/onelink-dev.econocom.com\/belux\/wp-json\/wp\/v2\/media?parent=55"}],"curies":[{"name":"wp","href":"https:\/\/api.w.org\/{rel}","templated":true}]}}