{"id":61,"date":"2021-04-20T15:37:01","date_gmt":"2021-04-20T13:37:01","guid":{"rendered":"https:\/\/onelink-dev.econocom.com\/belux\/?page_id=61"},"modified":"2024-02-19T14:49:46","modified_gmt":"2024-02-19T13:49:46","slug":"offres","status":"publish","type":"page","link":"https:\/\/onelink-dev.econocom.com\/belux\/product-solutions\/offres\/","title":{"rendered":"Offres"},"content":{"rendered":"<div class=\"pdfprnt-buttons pdfprnt-buttons-post pdfprnt-top-right\"><a href=\"https:\/\/onelink-dev.econocom.com\/belux\/wp-json\/wp\/v2\/pages\/61?print=pdf\" class=\"pdfprnt-button pdfprnt-button-pdf\" target=\"_blank\"><img decoding=\"async\" src=\"https:\/\/onelink-dev.econocom.com\/belux\/wp-content\/plugins\/pdf-print\/images\/pdf.png\" alt=\"image_pdf\" title=\"View PDF\" \/><\/a><a href=\"https:\/\/onelink-dev.econocom.com\/belux\/wp-json\/wp\/v2\/pages\/61?print=print\" class=\"pdfprnt-button pdfprnt-button-print\" target=\"_blank\"><img decoding=\"async\" src=\"https:\/\/onelink-dev.econocom.com\/belux\/wp-content\/plugins\/pdf-print\/images\/print.png\" alt=\"image_print\" title=\"Print Content\" \/><\/a><\/div>\t\t<div data-elementor-type=\"wp-page\" data-elementor-id=\"61\" class=\"elementor elementor-61\">\n\t\t\t\t\t\t<section class=\"elementor-section elementor-top-section elementor-element elementor-element-248c10c elementor-section-boxed elementor-section-height-default elementor-section-height-default\" data-id=\"248c10c\" data-element_type=\"section\">\n\t\t\t\t\t\t<div class=\"elementor-container elementor-column-gap-no\">\n\t\t\t\t\t<div class=\"elementor-column elementor-col-100 elementor-top-column elementor-element elementor-element-67e92e4\" data-id=\"67e92e4\" data-element_type=\"column\">\n\t\t\t<div class=\"elementor-widget-wrap elementor-element-populated\">\n\t\t\t\t\t\t<div class=\"elementor-element elementor-element-0778a88 elementor-nav-menu__align-left elementor-nav-menu--dropdown-none elementor-widget elementor-widget-nav-menu\" data-id=\"0778a88\" data-element_type=\"widget\" data-settings=\"{&quot;submenu_icon&quot;:{&quot;value&quot;:&quot;&lt;i class=\\&quot;\\&quot;&gt;&lt;\\\/i&gt;&quot;,&quot;library&quot;:&quot;&quot;},&quot;layout&quot;:&quot;horizontal&quot;}\" data-widget_type=\"nav-menu.default\">\n\t\t\t\t<div class=\"elementor-widget-container\">\n\t\t\t\t\t\t\t\t<nav migration_allowed=\"1\" migrated=\"0\" role=\"navigation\" class=\"elementor-nav-menu--main elementor-nav-menu__container elementor-nav-menu--layout-horizontal e--pointer-none\">\n\t\t\t\t<ul id=\"menu-1-0778a88\" class=\"elementor-nav-menu\"><li class=\"menu-item menu-item-type-post_type menu-item-object-page menu-item-107\"><a href=\"https:\/\/onelink-dev.econocom.com\/belux\/product-solutions\/offres\/\" class=\"elementor-item\">Offres<\/a><\/li>\n<\/ul>\t\t\t<\/nav>\n\t\t\t\t\t<div class=\"elementor-menu-toggle\" role=\"button\" tabindex=\"0\" aria-label=\"Permuter le menu\" aria-expanded=\"false\">\n\t\t\t<i aria-hidden=\"true\" role=\"presentation\" class=\"elementor-menu-toggle__icon--open eicon-menu-bar\"><\/i><i aria-hidden=\"true\" role=\"presentation\" class=\"elementor-menu-toggle__icon--close eicon-close\"><\/i>\t\t\t<span class=\"elementor-screen-only\">Menu<\/span>\n\t\t<\/div>\n\t\t\t<nav class=\"elementor-nav-menu--dropdown elementor-nav-menu__container\" role=\"navigation\" aria-hidden=\"true\">\n\t\t\t\t<ul id=\"menu-2-0778a88\" class=\"elementor-nav-menu\"><li class=\"menu-item menu-item-type-post_type menu-item-object-page menu-item-107\"><a href=\"https:\/\/onelink-dev.econocom.com\/belux\/product-solutions\/offres\/\" class=\"elementor-item\" tabindex=\"-1\">Offres<\/a><\/li>\n<\/ul>\t\t\t<\/nav>\n\t\t\t\t\t\t<\/div>\n\t\t\t\t<\/div>\n\t\t\t\t\t<\/div>\n\t\t<\/div>\n\t\t\t\t\t<\/div>\n\t\t<\/section>\n\t\t\t\t<section class=\"elementor-section elementor-top-section elementor-element elementor-element-e7f237e elementor-section-height-min-height elementor-section-boxed elementor-section-height-default elementor-section-items-middle\" data-id=\"e7f237e\" data-element_type=\"section\" data-settings=\"{&quot;background_background&quot;:&quot;classic&quot;}\">\n\t\t\t\t\t\t<div class=\"elementor-container elementor-column-gap-default\">\n\t\t\t\t\t<div class=\"elementor-column elementor-col-100 elementor-top-column elementor-element elementor-element-06e1b5e\" data-id=\"06e1b5e\" data-element_type=\"column\">\n\t\t\t<div class=\"elementor-widget-wrap elementor-element-populated\">\n\t\t\t\t\t\t\t<\/div>\n\t\t<\/div>\n\t\t\t\t\t<\/div>\n\t\t<\/section>\n\t\t\t\t<section class=\"elementor-section elementor-top-section elementor-element elementor-element-6f926b3 elementor-section-boxed elementor-section-height-default elementor-section-height-default\" data-id=\"6f926b3\" data-element_type=\"section\">\n\t\t\t\t\t\t<div class=\"elementor-container elementor-column-gap-default\">\n\t\t\t\t\t<div class=\"elementor-column elementor-col-100 elementor-top-column elementor-element elementor-element-b0d7186\" data-id=\"b0d7186\" data-element_type=\"column\">\n\t\t\t<div class=\"elementor-widget-wrap elementor-element-populated\">\n\t\t\t\t\t\t<div class=\"elementor-element elementor-element-e996a06 elementor-widget elementor-widget-spacer\" data-id=\"e996a06\" data-element_type=\"widget\" data-widget_type=\"spacer.default\">\n\t\t\t\t<div class=\"elementor-widget-container\">\n\t\t\t\t\t\t\t<div class=\"elementor-spacer\">\n\t\t\t<div class=\"elementor-spacer-inner\"><\/div>\n\t\t<\/div>\n\t\t\t\t\t\t<\/div>\n\t\t\t\t<\/div>\n\t\t\t\t\t<\/div>\n\t\t<\/div>\n\t\t\t\t\t<\/div>\n\t\t<\/section>\n\t\t\t\t<section class=\"elementor-section elementor-top-section elementor-element elementor-element-4d6e183 elementor-section-boxed elementor-section-height-default elementor-section-height-default\" data-id=\"4d6e183\" data-element_type=\"section\">\n\t\t\t\t\t\t<div class=\"elementor-container elementor-column-gap-no\">\n\t\t\t\t\t<div class=\"elementor-column elementor-col-100 elementor-top-column elementor-element elementor-element-b98dd12\" data-id=\"b98dd12\" data-element_type=\"column\">\n\t\t\t<div class=\"elementor-widget-wrap elementor-element-populated\">\n\t\t\t\t\t\t<div class=\"elementor-element elementor-element-4bba957 elementor-widget elementor-widget-image\" data-id=\"4bba957\" data-element_type=\"widget\" data-widget_type=\"image.default\">\n\t\t\t\t<div class=\"elementor-widget-container\">\n\t\t\t\t\t\t\t\t\t\t\t\t\t\t\t<img fetchpriority=\"high\" decoding=\"async\" width=\"724\" height=\"1024\" src=\"https:\/\/onelink-dev.econocom.com\/belux\/wp-content\/uploads\/sites\/6\/2021\/06\/264_Subportfolio_Products_f-VISUEL-1-724x1024.jpg\" class=\"attachment-large size-large wp-image-867\" alt=\"\" srcset=\"https:\/\/onelink-dev.econocom.com\/belux\/wp-content\/uploads\/sites\/6\/2021\/06\/264_Subportfolio_Products_f-VISUEL-1-724x1024.jpg 724w, https:\/\/onelink-dev.econocom.com\/belux\/wp-content\/uploads\/sites\/6\/2021\/06\/264_Subportfolio_Products_f-VISUEL-1-212x300.jpg 212w, https:\/\/onelink-dev.econocom.com\/belux\/wp-content\/uploads\/sites\/6\/2021\/06\/264_Subportfolio_Products_f-VISUEL-1-768x1086.jpg 768w, https:\/\/onelink-dev.econocom.com\/belux\/wp-content\/uploads\/sites\/6\/2021\/06\/264_Subportfolio_Products_f-VISUEL-1-1086x1536.jpg 1086w, https:\/\/onelink-dev.econocom.com\/belux\/wp-content\/uploads\/sites\/6\/2021\/06\/264_Subportfolio_Products_f-VISUEL-1.jpg 1240w\" sizes=\"(max-width: 724px) 100vw, 724px\" \/>\t\t\t\t\t\t\t\t\t\t\t\t\t\t\t<\/div>\n\t\t\t\t<\/div>\n\t\t\t\t<div class=\"elementor-element elementor-element-e4364a2 elementor-widget elementor-widget-image\" data-id=\"e4364a2\" data-element_type=\"widget\" data-widget_type=\"image.default\">\n\t\t\t\t<div class=\"elementor-widget-container\">\n\t\t\t\t\t\t\t\t\t\t\t\t\t\t\t<img decoding=\"async\" width=\"724\" height=\"1024\" src=\"https:\/\/onelink-dev.econocom.com\/belux\/wp-content\/uploads\/sites\/6\/2021\/06\/264_Subportfolio_Products_f-VISUEL-2-724x1024.jpg\" class=\"attachment-large size-large wp-image-868\" alt=\"\" srcset=\"https:\/\/onelink-dev.econocom.com\/belux\/wp-content\/uploads\/sites\/6\/2021\/06\/264_Subportfolio_Products_f-VISUEL-2-724x1024.jpg 724w, https:\/\/onelink-dev.econocom.com\/belux\/wp-content\/uploads\/sites\/6\/2021\/06\/264_Subportfolio_Products_f-VISUEL-2-212x300.jpg 212w, https:\/\/onelink-dev.econocom.com\/belux\/wp-content\/uploads\/sites\/6\/2021\/06\/264_Subportfolio_Products_f-VISUEL-2-768x1086.jpg 768w, https:\/\/onelink-dev.econocom.com\/belux\/wp-content\/uploads\/sites\/6\/2021\/06\/264_Subportfolio_Products_f-VISUEL-2-1086x1536.jpg 1086w, https:\/\/onelink-dev.econocom.com\/belux\/wp-content\/uploads\/sites\/6\/2021\/06\/264_Subportfolio_Products_f-VISUEL-2.jpg 1240w\" sizes=\"(max-width: 724px) 100vw, 724px\" \/>\t\t\t\t\t\t\t\t\t\t\t\t\t\t\t<\/div>\n\t\t\t\t<\/div>\n\t\t\t\t\t<\/div>\n\t\t<\/div>\n\t\t\t\t\t<\/div>\n\t\t<\/section>\n\t\t\t\t<section class=\"elementor-section elementor-top-section elementor-element elementor-element-26d6f40 elementor-section-boxed elementor-section-height-default elementor-section-height-default\" data-id=\"26d6f40\" data-element_type=\"section\">\n\t\t\t\t\t\t<div class=\"elementor-container elementor-column-gap-default\">\n\t\t\t\t\t<div class=\"elementor-column elementor-col-66 elementor-top-column elementor-element elementor-element-74c20d3\" data-id=\"74c20d3\" data-element_type=\"column\">\n\t\t\t<div class=\"elementor-widget-wrap elementor-element-populated\">\n\t\t\t\t\t\t<div class=\"elementor-element elementor-element-4ccd903 elementor-hidden-desktop elementor-hidden-tablet elementor-hidden-phone elementor-widget elementor-widget-elementskit-blog-posts\" data-id=\"4ccd903\" data-element_type=\"widget\" data-widget_type=\"elementskit-blog-posts.default\">\n\t\t\t\t<div class=\"elementor-widget-container\">\n\t\t\t\t\t<div class=\"ekit-wid-con\" >        <div id=\"post-items--4ccd903\" class=\"row post-items\">\n                    <div class=\"col-md-12\">\n\n                                    <div class=\"elementskit-blog-block-post\">\n                        <div class=\"row no-gutters\">\n                                                            <div class=\"col-md-6 order-1\">\n                                    <a href=\"https:\/\/onelink-dev.econocom.com\/belux\/2024\/12\/06\/nous-participons-a-linitiative-shoebox\/\" class=\"elementskit-entry-thumb\">\n                                        <img decoding=\"async\" src=\"https:\/\/onelink-dev.econocom.com\/belux\/wp-content\/uploads\/sites\/6\/2024\/12\/slider1-1210x423-1-1024x358.jpg\" alt=\"Nous participons \u00e0 l&rsquo;initiative Shoebox !\">\n                                    <\/a><!-- .elementskit-entry-thumb END -->\n                                <\/div>\n                            \n                            <div class=\"col-md-6 order-2\">\n                                <div class=\"elementskit-post-body \">\n                                    <div class=\"elementskit-entry-header\">\n                                        \n                                            \n                                                                                            \t\t\t\t<h2 class=\"entry-title\">\n\t\t\t\t\t<a href=\"https:\/\/onelink-dev.econocom.com\/belux\/2024\/12\/06\/nous-participons-a-linitiative-shoebox\/\">\n\t\t\t\t\t\tNous participons \u00e0 l&rsquo;initiative Shoebox !\t\t\t\t\t<\/a>\n\t\t\t\t<\/h2>\n\t\t\t                                            \n                                                                                <\/div><!-- .elementskit-entry-header END -->\n\n                                                                            <div class=\"elementskit-post-footer\">\n                                                                                            <p>Nous sommes heureux d&rsquo;annoncer notre participation \u00e0 l&rsquo;Initiative Shoebox, en\u2026<\/p>\n                                                                                                                                        \t\t\t\t\t\t\t\t\t\t\t<div class=\"post-meta-list\">\n\t\t\t\t\t\t\t\t\t\t\t\t\t\t\t\t\t\t\t\t\t\t\t\t\t\t\t\t\t\t\t\t<span class=\"meta-date\">\n\t\t\t\t\t\t\t\t\t\t\t\t\t\t\t\t\t\t\t\t<span class=\"meta-date-text\">\n\t\t\t\t\t\t\t\t\t\t\t6 d\u00e9cembre 2024\t\t\t\t\t\t\t\t\t\t<\/span>\n\t\t\t\t\t\t\t\t\t<\/span>\n\t\t\t\t\t\t\t\t\t\t\t\t\t\t\t\t\t\t\t\t\t\t\t\t\t\t\t\t\t\t\t\t\t\t\t\t\t\t\t\t\t\t\t\t\t\t\t\t\t\t\t\t\t\t\t\t\t\t\t\t\t\t\t\t<span class=\"post-cat\">\n\t\t\t\t\t\t\t\t\t\t\t\t\t\t\t\t\t\t\t\t<a href=\"https:\/\/onelink-dev.econocom.com\/belux\/category\/belux\/\" rel=\"category tag\"># BELUX<\/a> | <a href=\"https:\/\/onelink-dev.econocom.com\/belux\/category\/communications\/\" rel=\"category tag\"># Communications<\/a> | <a href=\"https:\/\/onelink-dev.econocom.com\/belux\/category\/communications\/rse\/\" rel=\"category tag\"># RSE<\/a>\t\t\t\t\t\t\t\t\t<\/span>\n\t\t\t\t\t\t\t\t\t\t\t\t\t\t\t\t\t\t\t\t\t\t\t\t\t\t\t\t\t\t\t\t\t\t\t\t\t\t\t\t\t\t\t\t\t\t\t\t\t\t\t\t\t\t\t\t\t\t\t\t\t\t\t\t<span class=\"post-comment\">\n\t\t\t\t\t\t\t\t\t\t<i aria-hidden=\"true\" class=\"far fa-comment-alt\"><\/i>\t\t\t\t\t\t\t\t\t\t<a href=\"https:\/\/onelink-dev.econocom.com\/belux\/2024\/12\/06\/nous-participons-a-linitiative-shoebox\/#respond\">0<\/a>\n\t\t\t\t\t\t\t\t\t<\/span>\n\t\t\t\t\t\t\t\t\t\t\t\t\t\t\t                           \t\t\t\t\t\t\t\t\t\t\t<span class=\"post-like\"> \n\t\t\t\t\t\t\t<img decoding=\"async\" src=\"\/wp-content\/uploads\/2020\/06\/fill-1@3x-4.png\" style=\"width:15px;height:14px;\">\n\t\t\t\t\t\t\t0\t\t\t\t\t\t<\/div>\n\t\t\t\t\t                                                                                    <\/div><!-- .elementskit-post-footer END -->\n                                                                    <\/div><!-- .elementskit-post-body END -->\n                            <\/div>\n                        <\/div>\n                    <\/div><!-- .elementskit-blog-block-post .radius .gradient-bg END -->\n                \n            <\/div>\n                    <div class=\"col-md-12\">\n\n                                    <div class=\"elementskit-blog-block-post\">\n                        <div class=\"row no-gutters\">\n                                                            <div class=\"col-md-6 order-1\">\n                                    <a href=\"https:\/\/onelink-dev.econocom.com\/belux\/2024\/12\/05\/one-econocom-une-mission-impossible-relevee-avec-brio-par-le-nouvel-agent-joaquin-de-mier\/\" class=\"elementskit-entry-thumb\">\n                                        <img decoding=\"async\" src=\"https:\/\/onelink-dev.econocom.com\/belux\/wp-content\/uploads\/sites\/6\/2024\/12\/Mission-impossible-1024x576.png\" alt=\"One Econocom : une \u201cMission Impossible\u201d relev\u00e9e avec brio par le nouvel agent Joaquin de Mier !\">\n                                    <\/a><!-- .elementskit-entry-thumb END -->\n                                <\/div>\n                            \n                            <div class=\"col-md-6 order-2\">\n                                <div class=\"elementskit-post-body \">\n                                    <div class=\"elementskit-entry-header\">\n                                        \n                                            \n                                                                                            \t\t\t\t<h2 class=\"entry-title\">\n\t\t\t\t\t<a href=\"https:\/\/onelink-dev.econocom.com\/belux\/2024\/12\/05\/one-econocom-une-mission-impossible-relevee-avec-brio-par-le-nouvel-agent-joaquin-de-mier\/\">\n\t\t\t\t\t\tOne Econocom : une \u201cMission Impossible\u201d relev\u00e9e avec brio par\u2026\t\t\t\t\t<\/a>\n\t\t\t\t<\/h2>\n\t\t\t                                            \n                                                                                <\/div><!-- .elementskit-entry-header END -->\n\n                                                                            <div class=\"elementskit-post-footer\">\n                                                                                            <p>Arriv\u00e9 en mai dernier chez Econocom Espagne en tant que\u2026<\/p>\n                                                                                                                                        \t\t\t\t\t\t\t\t\t\t\t<div class=\"post-meta-list\">\n\t\t\t\t\t\t\t\t\t\t\t\t\t\t\t\t\t\t\t\t\t\t\t\t\t\t\t\t\t\t\t\t<span class=\"meta-date\">\n\t\t\t\t\t\t\t\t\t\t\t\t\t\t\t\t\t\t\t\t<span class=\"meta-date-text\">\n\t\t\t\t\t\t\t\t\t\t\t5 d\u00e9cembre 2024\t\t\t\t\t\t\t\t\t\t<\/span>\n\t\t\t\t\t\t\t\t\t<\/span>\n\t\t\t\t\t\t\t\t\t\t\t\t\t\t\t\t\t\t\t\t\t\t\t\t\t\t\t\t\t\t\t\t\t\t\t\t\t\t\t\t\t\t\t\t\t\t\t\t\t\t\t\t\t\t\t\t\t\t\t\t\t\t\t\t<span class=\"post-cat\">\n\t\t\t\t\t\t\t\t\t\t\t\t\t\t\t\t\t\t\t\t<a href=\"https:\/\/onelink-dev.econocom.com\/belux\/category\/groupe\/\" rel=\"category tag\"># Groupe<\/a>\t\t\t\t\t\t\t\t\t<\/span>\n\t\t\t\t\t\t\t\t\t\t\t\t\t\t\t\t\t\t\t\t\t\t\t\t\t\t\t\t\t\t\t\t\t\t\t\t\t\t\t\t\t\t\t\t\t\t\t\t\t\t\t\t\t\t\t\t\t\t\t\t\t\t\t\t<span class=\"post-comment\">\n\t\t\t\t\t\t\t\t\t\t<i aria-hidden=\"true\" class=\"far fa-comment-alt\"><\/i>\t\t\t\t\t\t\t\t\t\t<a href=\"https:\/\/onelink-dev.econocom.com\/belux\/2024\/12\/05\/one-econocom-une-mission-impossible-relevee-avec-brio-par-le-nouvel-agent-joaquin-de-mier\/#respond\">0<\/a>\n\t\t\t\t\t\t\t\t\t<\/span>\n\t\t\t\t\t\t\t\t\t\t\t\t\t\t\t                           \t\t\t\t\t\t\t\t\t\t\t<span class=\"post-like\"> \n\t\t\t\t\t\t\t<img decoding=\"async\" src=\"\/wp-content\/uploads\/2020\/06\/fill-1@3x-4.png\" style=\"width:15px;height:14px;\">\n\t\t\t\t\t\t\t0\t\t\t\t\t\t<\/div>\n\t\t\t\t\t                                                                                    <\/div><!-- .elementskit-post-footer END -->\n                                                                    <\/div><!-- .elementskit-post-body END -->\n                            <\/div>\n                        <\/div>\n                    <\/div><!-- .elementskit-blog-block-post .radius .gradient-bg END -->\n                \n            <\/div>\n                <\/div>\n       <\/div>\t\t\t\t<\/div>\n\t\t\t\t<\/div>\n\t\t\t\t\t<\/div>\n\t\t<\/div>\n\t\t\t\t<div class=\"elementor-column elementor-col-33 elementor-top-column elementor-element elementor-element-ad20632\" data-id=\"ad20632\" data-element_type=\"column\">\n\t\t\t<div class=\"elementor-widget-wrap elementor-element-populated\">\n\t\t\t\t\t\t<section class=\"elementor-section elementor-inner-section elementor-element elementor-element-6d055f1 elementor-section-boxed elementor-section-height-default elementor-section-height-default\" data-id=\"6d055f1\" data-element_type=\"section\" data-settings=\"{&quot;background_background&quot;:&quot;classic&quot;}\">\n\t\t\t\t\t\t<div class=\"elementor-container elementor-column-gap-default\">\n\t\t\t\t\t<div class=\"elementor-column elementor-col-100 elementor-inner-column elementor-element elementor-element-16bd07a\" data-id=\"16bd07a\" data-element_type=\"column\" data-settings=\"{&quot;background_background&quot;:&quot;classic&quot;}\">\n\t\t\t<div class=\"elementor-widget-wrap elementor-element-populated\">\n\t\t\t\t\t\t<div class=\"elementor-element elementor-element-ba38598 elementor-widget elementor-widget-heading\" data-id=\"ba38598\" data-element_type=\"widget\" data-widget_type=\"heading.default\">\n\t\t\t\t<div class=\"elementor-widget-container\">\n\t\t\t\t\t<h2 class=\"elementor-heading-title elementor-size-default\">CONTACT<\/h2>\t\t\t\t<\/div>\n\t\t\t\t<\/div>\n\t\t\t\t<div class=\"elementor-element elementor-element-d5e8e47 elementor-widget elementor-widget-text-editor\" data-id=\"d5e8e47\" data-element_type=\"widget\" data-widget_type=\"text-editor.default\">\n\t\t\t\t<div class=\"elementor-widget-container\">\n\t\t\t\t\t\t\t\t\t<p style=\"text-align: center;\"><span style=\"font-family: Roboto; font-size: 14px; font-weight: 500; font-stretch: normal; font-style: normal; line-height: 1.36; letter-spacing: normal; color: #ffffff;\"><img decoding=\"async\" class=\"alignnone wp-image-5481 size-full\" style=\"overflow: hidden; -webkit-border-radius: 50px; -moz-border-radius: 50px; border-radius: 50px; width: 60px; height: 80px;\" src=\"\/belux\/wp-content\/uploads\/sites\/6\/2024\/02\/VANMALLEGHEM-Christophe-Managing-Director-EPS-1.jpg\" alt=\"\" width=\"151\" height=\"168\" \/><\/span><\/p>\n\n<blockquote style=\"text-align: center; line-height: normal;\"><span style=\"font-family: Roboto; font-size: 14px; font-weight: 500; font-stretch: normal; font-style: normal; line-height: 1.36; letter-spacing: normal; color: #ffffff;\"><span style=\"font-family: Montserrat; font-size: 12px;\"><span style=\"color: #573eef;\">VANMALLEGHEM, CHRISTOPHE<\/span><\/span><\/span>\n\n<span style=\"font-family: Roboto; font-size: 14px; font-weight: 500; font-stretch: normal; font-style: normal; line-height: 1.36; letter-spacing: normal; color: #ffffff;\"><span style=\"font-family: Montserrat; font-size: 12px;\"><span style=\"color: #573eef;word-break: break-word;\"><a href=\"mailto:Christophe.VANMALLEGHEM@econocom.com \">Christophe.VANMALLEGHEM@econocom.com <\/a><\/span><\/span><\/span><\/blockquote>\t\t\t\t\t\t\t\t<\/div>\n\t\t\t\t<\/div>\n\t\t\t\t\t<\/div>\n\t\t<\/div>\n\t\t\t\t\t<\/div>\n\t\t<\/section>\n\t\t\t\t\t<\/div>\n\t\t<\/div>\n\t\t\t\t\t<\/div>\n\t\t<\/section>\n\t\t\t\t<\/div>\n\t\t","protected":false},"excerpt":{"rendered":"<p>[Econocom Stories #9] La newsletter du groupe est disponible ! &nbsp; CHIFFRE D&rsquo;AFFAIRES ET MARGE OPERATIONNELLE EN CROISSANCE\u00a0 Le groupe\u2026 19 f\u00e9vrier 2024 # Groupe 0 0 Chiffre d\u2019affaires et marge op\u00e9rationnelle 2023 en croissance et en\u2026 Communiqu\u00e9 de presse diffus\u00e9 le 14 f\u00e9vrier 2024 apr\u00e8s Bourse.\u2026 15 f\u00e9vrier 2024 # BELUX | # Groupe [&hellip;]<\/p>\n","protected":false},"author":10,"featured_media":0,"parent":35,"menu_order":0,"comment_status":"closed","ping_status":"closed","template":"","meta":{"_acf_changed":false,"footnotes":""},"class_list":["post-61","page","type-page","status-publish","hentry"],"acf":[],"_links":{"self":[{"href":"https:\/\/onelink-dev.econocom.com\/belux\/wp-json\/wp\/v2\/pages\/61","targetHints":{"allow":["GET"]}}],"collection":[{"href":"https:\/\/onelink-dev.econocom.com\/belux\/wp-json\/wp\/v2\/pages"}],"about":[{"href":"https:\/\/onelink-dev.econocom.com\/belux\/wp-json\/wp\/v2\/types\/page"}],"author":[{"embeddable":true,"href":"https:\/\/onelink-dev.econocom.com\/belux\/wp-json\/wp\/v2\/users\/10"}],"replies":[{"embeddable":true,"href":"https:\/\/onelink-dev.econocom.com\/belux\/wp-json\/wp\/v2\/comments?post=61"}],"version-history":[{"count":16,"href":"https:\/\/onelink-dev.econocom.com\/belux\/wp-json\/wp\/v2\/pages\/61\/revisions"}],"predecessor-version":[{"id":2473,"href":"https:\/\/onelink-dev.econocom.com\/belux\/wp-json\/wp\/v2\/pages\/61\/revisions\/2473"}],"up":[{"embeddable":true,"href":"https:\/\/onelink-dev.econocom.com\/belux\/wp-json\/wp\/v2\/pages\/35"}],"wp:attachment":[{"href":"https:\/\/onelink-dev.econocom.com\/belux\/wp-json\/wp\/v2\/media?parent=61"}],"curies":[{"name":"wp","href":"https:\/\/api.w.org\/{rel}","templated":true}]}}