{"id":30,"date":"2021-03-17T17:06:13","date_gmt":"2021-03-17T16:06:13","guid":{"rendered":"https:\/\/onelink-dev.econocom.com\/spain\/?page_id=30"},"modified":"2022-10-26T15:38:02","modified_gmt":"2022-10-26T13:38:02","slug":"ps","status":"publish","type":"page","link":"https:\/\/onelink-dev.econocom.com\/spain\/ps\/","title":{"rendered":"P&#038;S"},"content":{"rendered":"<div class=\"pdfprnt-buttons pdfprnt-buttons-post pdfprnt-top-right\"><a href=\"https:\/\/onelink-dev.econocom.com\/spain\/wp-json\/wp\/v2\/pages\/30?print=pdf\" class=\"pdfprnt-button pdfprnt-button-pdf\" target=\"_blank\"><img decoding=\"async\" src=\"https:\/\/onelink-dev.econocom.com\/spain\/wp-content\/plugins\/pdf-print\/images\/pdf.png\" alt=\"image_pdf\" title=\"View PDF\" \/><\/a><a href=\"https:\/\/onelink-dev.econocom.com\/spain\/wp-json\/wp\/v2\/pages\/30?print=print\" class=\"pdfprnt-button pdfprnt-button-print\" target=\"_blank\"><img decoding=\"async\" src=\"https:\/\/onelink-dev.econocom.com\/spain\/wp-content\/plugins\/pdf-print\/images\/print.png\" alt=\"image_print\" title=\"Print Content\" \/><\/a><\/div>\t\t<div data-elementor-type=\"wp-page\" data-elementor-id=\"30\" class=\"elementor elementor-30\">\n\t\t\t\t\t\t<section class=\"elementor-section elementor-top-section elementor-element elementor-element-4ebcb20 elementor-hidden-phone elementor-section-boxed elementor-section-height-default elementor-section-height-default\" data-id=\"4ebcb20\" data-element_type=\"section\">\n\t\t\t\t\t\t<div class=\"elementor-container elementor-column-gap-no\">\n\t\t\t\t\t<div class=\"elementor-column elementor-col-100 elementor-top-column elementor-element elementor-element-60847ea\" data-id=\"60847ea\" data-element_type=\"column\">\n\t\t\t<div class=\"elementor-widget-wrap elementor-element-populated\">\n\t\t\t\t\t\t<div class=\"elementor-element elementor-element-cfebebc elementor-widget elementor-widget-text-editor\" data-id=\"cfebebc\" data-element_type=\"widget\" data-widget_type=\"text-editor.default\">\n\t\t\t\t<div class=\"elementor-widget-container\">\n\t\t\t\t\t\t\t\t\t<p style=\"width: 459px; height: 135px; font-family: Montserrat; font-size: 44px; font-weight: bold; font-stretch: normal; font-style: normal; line-height: 1.05; letter-spacing: normal; color: #ffffff;\">Actividad P&amp;S<\/p>\t\t\t\t\t\t\t\t<\/div>\n\t\t\t\t<\/div>\n\t\t\t\t<div class=\"elementor-element elementor-element-1d840b6 elementor-widget elementor-widget-spacer\" data-id=\"1d840b6\" data-element_type=\"widget\" data-widget_type=\"spacer.default\">\n\t\t\t\t<div class=\"elementor-widget-container\">\n\t\t\t\t\t\t\t<div class=\"elementor-spacer\">\n\t\t\t<div class=\"elementor-spacer-inner\"><\/div>\n\t\t<\/div>\n\t\t\t\t\t\t<\/div>\n\t\t\t\t<\/div>\n\t\t\t\t\t<\/div>\n\t\t<\/div>\n\t\t\t\t\t<\/div>\n\t\t<\/section>\n\t\t\t\t<section class=\"elementor-section elementor-top-section elementor-element elementor-element-8984ea6 elementor-section-boxed elementor-section-height-default elementor-section-height-default\" data-id=\"8984ea6\" data-element_type=\"section\">\n\t\t\t\t\t\t<div class=\"elementor-container elementor-column-gap-default\">\n\t\t\t\t\t<div class=\"elementor-column elementor-col-100 elementor-top-column elementor-element elementor-element-7e27908\" data-id=\"7e27908\" data-element_type=\"column\">\n\t\t\t<div class=\"elementor-widget-wrap elementor-element-populated\">\n\t\t\t\t\t\t<div class=\"elementor-element elementor-element-87768c5 elementor--h-position-left elementor--v-position-bottom elementor-hidden-desktop elementor-widget elementor-widget-slides\" data-id=\"87768c5\" data-element_type=\"widget\" data-settings=\"{&quot;navigation&quot;:&quot;none&quot;,&quot;autoplay&quot;:&quot;yes&quot;,&quot;pause_on_hover&quot;:&quot;yes&quot;,&quot;pause_on_interaction&quot;:&quot;yes&quot;,&quot;autoplay_speed&quot;:5000,&quot;infinite&quot;:&quot;yes&quot;,&quot;transition&quot;:&quot;slide&quot;,&quot;transition_speed&quot;:500}\" data-widget_type=\"slides.default\">\n\t\t\t\t<div class=\"elementor-widget-container\">\n\t\t\t\t\t\t\t<div class=\"elementor-swiper\">\n\t\t\t<div class=\"elementor-slides-wrapper elementor-main-swiper swiper-container\" dir=\"ltr\" data-animation=\"fadeInUp\">\n\t\t\t\t<div class=\"swiper-wrapper elementor-slides\">\n\t\t\t\t\t\t\t\t\t\t<div class=\"elementor-repeater-item-05b9013 swiper-slide\"><div class=\"swiper-slide-bg\"><\/div><div class=\"swiper-slide-inner\" ><div class=\"swiper-slide-contents\"><div class=\"elementor-slide-heading\">Actividad P&S<\/div><\/div><\/div><\/div>\t\t\t\t<\/div>\n\t\t\t\t\t\t\t<\/div>\n\t\t<\/div>\n\t\t\t\t\t\t<\/div>\n\t\t\t\t<\/div>\n\t\t\t\t\t<\/div>\n\t\t<\/div>\n\t\t\t\t\t<\/div>\n\t\t<\/section>\n\t\t\t\t<section class=\"elementor-section elementor-top-section elementor-element elementor-element-f496d6d elementor-section-boxed elementor-section-height-default elementor-section-height-default\" data-id=\"f496d6d\" data-element_type=\"section\">\n\t\t\t\t\t\t<div class=\"elementor-container elementor-column-gap-default\">\n\t\t\t\t\t<div class=\"elementor-column elementor-col-66 elementor-top-column elementor-element elementor-element-f80e491\" data-id=\"f80e491\" data-element_type=\"column\">\n\t\t\t<div class=\"elementor-widget-wrap elementor-element-populated\">\n\t\t\t\t\t\t<div class=\"elementor-element elementor-element-1d00c82 elementor-widget elementor-widget-elementskit-blog-posts\" data-id=\"1d00c82\" data-element_type=\"widget\" data-widget_type=\"elementskit-blog-posts.default\">\n\t\t\t\t<div class=\"elementor-widget-container\">\n\t\t\t\t\t<div class=\"ekit-wid-con\" >        <div id=\"post-items--1d00c82\" class=\"row post-items\">\n                    <div class=\"col-md-12\">\n\n                                    <div class=\"elementskit-blog-block-post\">\n                        <div class=\"row no-gutters\">\n                                                            <div class=\"col-md-6 order-1\">\n                                    <a href=\"https:\/\/onelink-dev.econocom.com\/spain\/2021\/02\/18\/jaime-villanueva-director-general-actividad-ps-nos-presenta-en-esta-entrevista-en-imcb-nuestro-showroomeconocom-y-sus-capacidades\/\" class=\"elementskit-entry-thumb\">\n                                        <img decoding=\"async\" src=\"https:\/\/onelink-dev.econocom.com\/spain\/wp-content\/uploads\/sites\/3\/2021\/03\/Jaime-Villanueva-1024x709.jpg\" alt=\"Jaime Villanueva, Director General Actividad P&amp;S, nos presenta en esta entrevista en IMCB nuestro showroomeconocom y sus capacidades\">\n                                    <\/a><!-- .elementskit-entry-thumb END -->\n                                <\/div>\n                            \n                            <div class=\"col-md-6 order-2\">\n                                <div class=\"elementskit-post-body \">\n                                    <div class=\"elementskit-entry-header\">\n                                        \n                                            \n                                                                                            \t\t\t\t<h2 class=\"entry-title\">\n\t\t\t\t\t<a href=\"https:\/\/onelink-dev.econocom.com\/spain\/2021\/02\/18\/jaime-villanueva-director-general-actividad-ps-nos-presenta-en-esta-entrevista-en-imcb-nuestro-showroomeconocom-y-sus-capacidades\/\">\n\t\t\t\t\t\tJaime Villanueva, Director General Actividad P&amp;S, nos presenta en esta&hellip;\t\t\t\t\t<\/a>\n\t\t\t\t<\/h2>\n\t\t\t                                            \n                                                                                <\/div><!-- .elementskit-entry-header END -->\n\n                                                                            <div class=\"elementskit-post-footer\">\n                                                                                            <p>De unos 100 metros cuadrados; el showroom de Econocom, en&hellip;<\/p>\n                                                                                                                                        \t\t\t\t\t\t\t\t\t\t\t<div class=\"post-meta-list\">\n\t\t\t\t\t\t\t\t\t\t\t\t\t\t\t\t\t\t\t\t\t\t\t\t\t\t\t\t\t\t\t\t<span class=\"meta-date\">\n\t\t\t\t\t\t\t\t\t\t\t\t\t\t\t\t\t\t\t\t<span class=\"meta-date-text\">\n\t\t\t\t\t\t\t\t\t\t\t18 febrero 2021\t\t\t\t\t\t\t\t\t\t<\/span>\n\t\t\t\t\t\t\t\t\t<\/span>\n\t\t\t\t\t\t\t\t\t\t\t\t\t\t\t\t\t\t\t\t\t\t\t\t\t\t\t\t\t\t\t\t\t\t\t\t\t\t\t\t\t\t\t\t\t\t\t\t\t\t\t\t\t\t\t\t\t\t\t\t\t\t\t\t<span class=\"post-cat\">\n\t\t\t\t\t\t\t\t\t\t\t\t\t\t\t\t\t\t\t\t<a href=\"https:\/\/onelink-dev.econocom.com\/spain\/category\/espana\/\" rel=\"category tag\"># Espa\u00f1a<\/a> | <a href=\"https:\/\/onelink-dev.econocom.com\/spain\/category\/ps\/\" rel=\"category tag\"># P&amp;S<\/a>\t\t\t\t\t\t\t\t\t<\/span>\n\t\t\t\t\t\t\t\t\t\t\t\t\t\t\t\t\t\t\t\t\t\t\t\t\t\t\t\t\t\t\t\t\t\t\t\t\t\t\t\t\t\t\t\t\t\t\t\t\t\t\t\t\t\t\t\t\t\t\t\t\t\t\t\t<span class=\"post-comment\">\n\t\t\t\t\t\t\t\t\t\t<i aria-hidden=\"true\" class=\"far fa-comment-alt\"><\/i>\t\t\t\t\t\t\t\t\t\t<a href=\"https:\/\/onelink-dev.econocom.com\/spain\/2021\/02\/18\/jaime-villanueva-director-general-actividad-ps-nos-presenta-en-esta-entrevista-en-imcb-nuestro-showroomeconocom-y-sus-capacidades\/#respond\">0<\/a>\n\t\t\t\t\t\t\t\t\t<\/span>\n\t\t\t\t\t\t\t\t\t\t\t\t\t\t\t                           \t\t\t\t\t\t\t\t\t\t\t<span class=\"post-like\"> \n\t\t\t\t\t\t\t<img decoding=\"async\" src=\"\/wp-content\/uploads\/2020\/06\/fill-1@3x-4.png\" style=\"width:15px;height:14px;\">\n\t\t\t\t\t\t\t0\t\t\t\t\t\t<\/div>\n\t\t\t\t\t                                                                                    <\/div><!-- .elementskit-post-footer END -->\n                                                                    <\/div><!-- .elementskit-post-body END -->\n                            <\/div>\n                        <\/div>\n                    <\/div><!-- .elementskit-blog-block-post .radius .gradient-bg END -->\n                \n            <\/div>\n                    <div class=\"col-md-12\">\n\n                                    <div class=\"elementskit-blog-block-post\">\n                        <div class=\"row no-gutters\">\n                                                            <div class=\"col-md-6 order-1\">\n                                    <a href=\"https:\/\/onelink-dev.econocom.com\/spain\/2021\/01\/16\/nuevo-proyecto-de-eficiencia-energetica-para-laboratorios-glaxo-a-traves-de-nuestro-distribuidor-teslaled\/\" class=\"elementskit-entry-thumb\">\n                                        <img decoding=\"async\" src=\"https:\/\/onelink-dev.econocom.com\/spain\/wp-content\/uploads\/sites\/3\/2021\/03\/Glaxo-1024x709.png\" alt=\"Nuevo proyecto de eficiencia energ\u00e9tica para Laboratorios Glaxo a trav\u00e9s de nuestro distribuidor Teslaled\">\n                                    <\/a><!-- .elementskit-entry-thumb END -->\n                                <\/div>\n                            \n                            <div class=\"col-md-6 order-2\">\n                                <div class=\"elementskit-post-body \">\n                                    <div class=\"elementskit-entry-header\">\n                                        \n                                            \n                                                                                            \t\t\t\t<h2 class=\"entry-title\">\n\t\t\t\t\t<a href=\"https:\/\/onelink-dev.econocom.com\/spain\/2021\/01\/16\/nuevo-proyecto-de-eficiencia-energetica-para-laboratorios-glaxo-a-traves-de-nuestro-distribuidor-teslaled\/\">\n\t\t\t\t\t\tNuevo proyecto de eficiencia energ\u00e9tica para Laboratorios Glaxo a trav\u00e9s&hellip;\t\t\t\t\t<\/a>\n\t\t\t\t<\/h2>\n\t\t\t                                            \n                                                                                <\/div><!-- .elementskit-entry-header END -->\n\n                                                                            <div class=\"elementskit-post-footer\">\n                                                                                            <p>Nuestro equipo ha trabajado para la implementaci\u00f3n de iluminaci\u00f3n LED&hellip;<\/p>\n                                                                                                                                        \t\t\t\t\t\t\t\t\t\t\t<div class=\"post-meta-list\">\n\t\t\t\t\t\t\t\t\t\t\t\t\t\t\t\t\t\t\t\t\t\t\t\t\t\t\t\t\t\t\t\t<span class=\"meta-date\">\n\t\t\t\t\t\t\t\t\t\t\t\t\t\t\t\t\t\t\t\t<span class=\"meta-date-text\">\n\t\t\t\t\t\t\t\t\t\t\t16 enero 2021\t\t\t\t\t\t\t\t\t\t<\/span>\n\t\t\t\t\t\t\t\t\t<\/span>\n\t\t\t\t\t\t\t\t\t\t\t\t\t\t\t\t\t\t\t\t\t\t\t\t\t\t\t\t\t\t\t\t\t\t\t\t\t\t\t\t\t\t\t\t\t\t\t\t\t\t\t\t\t\t\t\t\t\t\t\t\t\t\t\t<span class=\"post-cat\">\n\t\t\t\t\t\t\t\t\t\t\t\t\t\t\t\t\t\t\t\t<a href=\"https:\/\/onelink-dev.econocom.com\/spain\/category\/ps\/\" rel=\"category tag\"># P&amp;S<\/a>\t\t\t\t\t\t\t\t\t<\/span>\n\t\t\t\t\t\t\t\t\t\t\t\t\t\t\t\t\t\t\t\t\t\t\t\t\t\t\t\t\t\t\t\t\t\t\t\t\t\t\t\t\t\t\t\t\t\t\t\t\t\t\t\t\t\t\t\t\t\t\t\t\t\t\t\t<span class=\"post-comment\">\n\t\t\t\t\t\t\t\t\t\t<i aria-hidden=\"true\" class=\"far fa-comment-alt\"><\/i>\t\t\t\t\t\t\t\t\t\t<a href=\"https:\/\/onelink-dev.econocom.com\/spain\/2021\/01\/16\/nuevo-proyecto-de-eficiencia-energetica-para-laboratorios-glaxo-a-traves-de-nuestro-distribuidor-teslaled\/#respond\">0<\/a>\n\t\t\t\t\t\t\t\t\t<\/span>\n\t\t\t\t\t\t\t\t\t\t\t\t\t\t\t                           \t\t\t\t\t\t\t\t\t\t\t<span class=\"post-like\"> \n\t\t\t\t\t\t\t<img decoding=\"async\" src=\"\/wp-content\/uploads\/2020\/06\/fill-1@3x-4.png\" style=\"width:15px;height:14px;\">\n\t\t\t\t\t\t\t0\t\t\t\t\t\t<\/div>\n\t\t\t\t\t                                                                                    <\/div><!-- .elementskit-post-footer END -->\n                                                                    <\/div><!-- .elementskit-post-body END -->\n                            <\/div>\n                        <\/div>\n                    <\/div><!-- .elementskit-blog-block-post .radius .gradient-bg END -->\n                \n            <\/div>\n                    <div class=\"col-md-12\">\n\n                                    <div class=\"elementskit-blog-block-post\">\n                        <div class=\"row no-gutters\">\n                                                            <div class=\"col-md-6 order-1\">\n                                    <a href=\"https:\/\/onelink-dev.econocom.com\/spain\/2021\/01\/12\/proyecto-audiovisual-integral-para-oficinas-de-campofrio\/\" class=\"elementskit-entry-thumb\">\n                                        <img decoding=\"async\" src=\"https:\/\/onelink-dev.econocom.com\/spain\/wp-content\/uploads\/sites\/3\/2021\/03\/Campofrio-1024x709.png\" alt=\"Proyecto audiovisual integral para oficinas de Campofr\u00edo\">\n                                    <\/a><!-- .elementskit-entry-thumb END -->\n                                <\/div>\n                            \n                            <div class=\"col-md-6 order-2\">\n                                <div class=\"elementskit-post-body \">\n                                    <div class=\"elementskit-entry-header\">\n                                        \n                                            \n                                                                                            \t\t\t\t<h2 class=\"entry-title\">\n\t\t\t\t\t<a href=\"https:\/\/onelink-dev.econocom.com\/spain\/2021\/01\/12\/proyecto-audiovisual-integral-para-oficinas-de-campofrio\/\">\n\t\t\t\t\t\tProyecto audiovisual integral para oficinas de Campofr\u00edo\t\t\t\t\t<\/a>\n\t\t\t\t<\/h2>\n\t\t\t                                            \n                                                                                <\/div><!-- .elementskit-entry-header END -->\n\n                                                                            <div class=\"elementskit-post-footer\">\n                                                                                            <p>Desde nuestra Actividad Products &amp; Solution se han implementado pantallas&hellip;<\/p>\n                                                                                                                                        \t\t\t\t\t\t\t\t\t\t\t<div class=\"post-meta-list\">\n\t\t\t\t\t\t\t\t\t\t\t\t\t\t\t\t\t\t\t\t\t\t\t\t\t\t\t\t\t\t\t\t<span class=\"meta-date\">\n\t\t\t\t\t\t\t\t\t\t\t\t\t\t\t\t\t\t\t\t<span class=\"meta-date-text\">\n\t\t\t\t\t\t\t\t\t\t\t12 enero 2021\t\t\t\t\t\t\t\t\t\t<\/span>\n\t\t\t\t\t\t\t\t\t<\/span>\n\t\t\t\t\t\t\t\t\t\t\t\t\t\t\t\t\t\t\t\t\t\t\t\t\t\t\t\t\t\t\t\t\t\t\t\t\t\t\t\t\t\t\t\t\t\t\t\t\t\t\t\t\t\t\t\t\t\t\t\t\t\t\t\t<span class=\"post-cat\">\n\t\t\t\t\t\t\t\t\t\t\t\t\t\t\t\t\t\t\t\t<a href=\"https:\/\/onelink-dev.econocom.com\/spain\/category\/ps\/\" rel=\"category tag\"># P&amp;S<\/a>\t\t\t\t\t\t\t\t\t<\/span>\n\t\t\t\t\t\t\t\t\t\t\t\t\t\t\t\t\t\t\t\t\t\t\t\t\t\t\t\t\t\t\t\t\t\t\t\t\t\t\t\t\t\t\t\t\t\t\t\t\t\t\t\t\t\t\t\t\t\t\t\t\t\t\t\t<span class=\"post-comment\">\n\t\t\t\t\t\t\t\t\t\t<i aria-hidden=\"true\" class=\"far fa-comment-alt\"><\/i>\t\t\t\t\t\t\t\t\t\t<a href=\"https:\/\/onelink-dev.econocom.com\/spain\/2021\/01\/12\/proyecto-audiovisual-integral-para-oficinas-de-campofrio\/#respond\">0<\/a>\n\t\t\t\t\t\t\t\t\t<\/span>\n\t\t\t\t\t\t\t\t\t\t\t\t\t\t\t                           \t\t\t\t\t\t\t\t\t\t\t<span class=\"post-like\"> \n\t\t\t\t\t\t\t<img decoding=\"async\" src=\"\/wp-content\/uploads\/2020\/06\/fill-1@3x-4.png\" style=\"width:15px;height:14px;\">\n\t\t\t\t\t\t\t0\t\t\t\t\t\t<\/div>\n\t\t\t\t\t                                                                                    <\/div><!-- .elementskit-post-footer END -->\n                                                                    <\/div><!-- .elementskit-post-body END -->\n                            <\/div>\n                        <\/div>\n                    <\/div><!-- .elementskit-blog-block-post .radius .gradient-bg END -->\n                \n            <\/div>\n                    <div class=\"col-md-12\">\n\n                                    <div class=\"elementskit-blog-block-post\">\n                        <div class=\"row no-gutters\">\n                                                            <div class=\"col-md-6 order-1\">\n                                    <a href=\"https:\/\/onelink-dev.econocom.com\/spain\/2021\/01\/10\/seguimos-acompanando-a-samsung-en-la-distribucion-de-sus-principales-productos\/\" class=\"elementskit-entry-thumb\">\n                                        <img decoding=\"async\" src=\"https:\/\/onelink-dev.econocom.com\/spain\/wp-content\/uploads\/sites\/3\/2021\/03\/Nuevos-dispositivos-Samsung-1024x709.png\" alt=\"Seguimos acompa\u00f1ando a Samsung en la distribuci\u00f3n de sus principales productos\">\n                                    <\/a><!-- .elementskit-entry-thumb END -->\n                                <\/div>\n                            \n                            <div class=\"col-md-6 order-2\">\n                                <div class=\"elementskit-post-body \">\n                                    <div class=\"elementskit-entry-header\">\n                                        \n                                            \n                                                                                            \t\t\t\t<h2 class=\"entry-title\">\n\t\t\t\t\t<a href=\"https:\/\/onelink-dev.econocom.com\/spain\/2021\/01\/10\/seguimos-acompanando-a-samsung-en-la-distribucion-de-sus-principales-productos\/\">\n\t\t\t\t\t\tSeguimos acompa\u00f1ando a Samsung en la distribuci\u00f3n de sus principales&hellip;\t\t\t\t\t<\/a>\n\t\t\t\t<\/h2>\n\t\t\t                                            \n                                                                                <\/div><!-- .elementskit-entry-header END -->\n\n                                                                            <div class=\"elementskit-post-footer\">\n                                                                                            <p>En un a\u00f1o el 2020 con importantes lanzamientos y novedades&hellip;<\/p>\n                                                                                                                                        \t\t\t\t\t\t\t\t\t\t\t<div class=\"post-meta-list\">\n\t\t\t\t\t\t\t\t\t\t\t\t\t\t\t\t\t\t\t\t\t\t\t\t\t\t\t\t\t\t\t\t<span class=\"meta-date\">\n\t\t\t\t\t\t\t\t\t\t\t\t\t\t\t\t\t\t\t\t<span class=\"meta-date-text\">\n\t\t\t\t\t\t\t\t\t\t\t10 enero 2021\t\t\t\t\t\t\t\t\t\t<\/span>\n\t\t\t\t\t\t\t\t\t<\/span>\n\t\t\t\t\t\t\t\t\t\t\t\t\t\t\t\t\t\t\t\t\t\t\t\t\t\t\t\t\t\t\t\t\t\t\t\t\t\t\t\t\t\t\t\t\t\t\t\t\t\t\t\t\t\t\t\t\t\t\t\t\t\t\t\t<span class=\"post-cat\">\n\t\t\t\t\t\t\t\t\t\t\t\t\t\t\t\t\t\t\t\t<a href=\"https:\/\/onelink-dev.econocom.com\/spain\/category\/ps\/\" rel=\"category tag\"># P&amp;S<\/a>\t\t\t\t\t\t\t\t\t<\/span>\n\t\t\t\t\t\t\t\t\t\t\t\t\t\t\t\t\t\t\t\t\t\t\t\t\t\t\t\t\t\t\t\t\t\t\t\t\t\t\t\t\t\t\t\t\t\t\t\t\t\t\t\t\t\t\t\t\t\t\t\t\t\t\t\t<span class=\"post-comment\">\n\t\t\t\t\t\t\t\t\t\t<i aria-hidden=\"true\" class=\"far fa-comment-alt\"><\/i>\t\t\t\t\t\t\t\t\t\t<a href=\"https:\/\/onelink-dev.econocom.com\/spain\/2021\/01\/10\/seguimos-acompanando-a-samsung-en-la-distribucion-de-sus-principales-productos\/#respond\">0<\/a>\n\t\t\t\t\t\t\t\t\t<\/span>\n\t\t\t\t\t\t\t\t\t\t\t\t\t\t\t                           \t\t\t\t\t\t\t\t\t\t\t<span class=\"post-like\"> \n\t\t\t\t\t\t\t<img decoding=\"async\" src=\"\/wp-content\/uploads\/2020\/06\/fill-1@3x-4.png\" style=\"width:15px;height:14px;\">\n\t\t\t\t\t\t\t0\t\t\t\t\t\t<\/div>\n\t\t\t\t\t                                                                                    <\/div><!-- .elementskit-post-footer END -->\n                                                                    <\/div><!-- .elementskit-post-body END -->\n                            <\/div>\n                        <\/div>\n                    <\/div><!-- .elementskit-blog-block-post .radius .gradient-bg END -->\n                \n            <\/div>\n                <\/div>\n       <\/div>\t\t\t\t<\/div>\n\t\t\t\t<\/div>\n\t\t\t\t\t<\/div>\n\t\t<\/div>\n\t\t\t\t<div class=\"elementor-column elementor-col-33 elementor-top-column elementor-element elementor-element-bcd8e4b\" data-id=\"bcd8e4b\" data-element_type=\"column\">\n\t\t\t<div class=\"elementor-widget-wrap\">\n\t\t\t\t\t\t\t<\/div>\n\t\t<\/div>\n\t\t\t\t\t<\/div>\n\t\t<\/section>\n\t\t\t\t<\/div>\n\t\t","protected":false},"excerpt":{"rendered":"<p>Actividad P&amp;S Actividad P&#038;S Jaime Villanueva, Director General Actividad P&amp;S, nos presenta en esta&hellip; De unos 100 metros cuadrados; el showroom de Econocom, en&hellip; 18 febrero 2021 # Espa\u00f1a | # P&amp;S 0 0 Nuevo proyecto de eficiencia energ\u00e9tica para Laboratorios Glaxo a trav\u00e9s&hellip; Nuestro equipo ha trabajado para la implementaci\u00f3n de iluminaci\u00f3n LED&hellip; 16 [&hellip;]<\/p>\n","protected":false},"author":10,"featured_media":0,"parent":0,"menu_order":0,"comment_status":"closed","ping_status":"closed","template":"","meta":{"_acf_changed":false,"footnotes":""},"class_list":["post-30","page","type-page","status-publish","hentry"],"acf":[],"_links":{"self":[{"href":"https:\/\/onelink-dev.econocom.com\/spain\/wp-json\/wp\/v2\/pages\/30","targetHints":{"allow":["GET"]}}],"collection":[{"href":"https:\/\/onelink-dev.econocom.com\/spain\/wp-json\/wp\/v2\/pages"}],"about":[{"href":"https:\/\/onelink-dev.econocom.com\/spain\/wp-json\/wp\/v2\/types\/page"}],"author":[{"embeddable":true,"href":"https:\/\/onelink-dev.econocom.com\/spain\/wp-json\/wp\/v2\/users\/10"}],"replies":[{"embeddable":true,"href":"https:\/\/onelink-dev.econocom.com\/spain\/wp-json\/wp\/v2\/comments?post=30"}],"version-history":[{"count":22,"href":"https:\/\/onelink-dev.econocom.com\/spain\/wp-json\/wp\/v2\/pages\/30\/revisions"}],"predecessor-version":[{"id":1253,"href":"https:\/\/onelink-dev.econocom.com\/spain\/wp-json\/wp\/v2\/pages\/30\/revisions\/1253"}],"wp:attachment":[{"href":"https:\/\/onelink-dev.econocom.com\/spain\/wp-json\/wp\/v2\/media?parent=30"}],"curies":[{"name":"wp","href":"https:\/\/api.w.org\/{rel}","templated":true}]}}